{"id":19858,"date":"2025-02-17T09:47:31","date_gmt":"2025-02-17T08:47:31","guid":{"rendered":"https:\/\/purpleliner.hu\/?page_id=19858"},"modified":"2025-02-17T10:35:29","modified_gmt":"2025-02-17T09:35:29","slug":"udvozlunk-a-zinuru-fedelzeten","status":"publish","type":"page","link":"https:\/\/purpleliner.hu\/hu\/udvozlunk-a-zinuru-fedelzeten\/","title":{"rendered":"\u00dcdv\u00f6zl\u00fcnk a Zinuru fed\u00e9lzet\u00e9n!"},"content":{"rendered":"<p><strong>\u00dcdv\u00f6zl\u00fcnk a Zinuru fed\u00e9lzet\u00e9n!<\/strong><\/p>\n<p><img decoding=\"async\" loading=\"lazy\" class=\"alignnone size-large wp-image-19844\" src=\"https:\/\/purpleliner.hu\/wp-content\/uploads\/2025\/02\/zinuru-1024x682.png\" alt=\"zinuru\" width=\"1024\" height=\"682\" srcset=\"https:\/\/purpleliner.hu\/wp-content\/uploads\/2025\/02\/zinuru-1024x682.png 1024w, https:\/\/purpleliner.hu\/wp-content\/uploads\/2025\/02\/zinuru-300x200.png 300w, https:\/\/purpleliner.hu\/wp-content\/uploads\/2025\/02\/zinuru-720x480.png 720w, https:\/\/purpleliner.hu\/wp-content\/uploads\/2025\/02\/zinuru-600x400.png 600w, https:\/\/purpleliner.hu\/wp-content\/uploads\/2025\/02\/zinuru.png 1250w\" sizes=\"(max-width: 1024px) 100vw, 1024px\" \/><br \/>\n<span style=\"color: #808080;\">Haj\u00f3nk a Szabads\u00e1g h\u00edd l\u00e1b\u00e1n\u00e1l<\/span><\/p>\n<p>Ha Budapest sz\u00e9ps\u00e9geit a v\u00edzr\u0151l szeretn\u00e9d felfedezni, nincs is jobb m\u00f3dja, mint a fed\u00e9lzet\u00fcnk\u00f6n ringat\u00f3zni a Duna hull\u00e1main. A k\u00f6vetkez\u0151 \u00edr\u00e1sunkban szeretn\u00e9nk bemutatni a Zinuru nev\u0171 v\u00e1rosn\u00e9z\u0151 haj\u00f3nk, egy p\u00e1r sz\u00f3t ejtve annak k\u00fcl\u00f6nlegss\u00e9geir\u0151l.<br \/>\nA nev\u00e9t egy er\u0151teljes egyiptomi mantr\u00e1r\u00f3l kapta. A Smaragd T\u00e1bl\u00e1k sz\u00f6veg\u00e9ben volt eml\u00edtve, a &#8222;Zin Uru&#8221; kifejez\u00e9s melynek jelent\u00e9se &#8222;kulcs&#8221;. Ez a dimenzi\u00f3k k\u00f6z\u00f6tti f\u00e9nykapuk megny\u00edl\u00e1s\u00e1t szimboliz\u00e1lja. A sz\u00f3 m\u00e1sik \u00e9rtelmez\u00e9se a teljes tudatoss\u00e1g igazs\u00e1g\u00e1nak felid\u00e9z\u00e9se.<br \/>\nS\u00e9tahaj\u00f3nk egy mer\u00e9sz, modern tervez\u00e9s\u0171 folyami katamar\u00e1n, amely 2024. janu\u00e1r 26-\u00e1n \u00e1llt szolg\u00e1latba, hogy felejthetetlen \u00e9lm\u00e9nyt ny\u00fajtson minden vend\u00e9g\u00fcnk sz\u00e1m\u00e1ra.<\/p>\n<p>Haj\u00f3nk leny\u0171g\u00f6z\u0151 m\u00e9reteivel b\u00fcszk\u00e9lkedhet: 43,3 m\u00e9ter hossz\u00fa \u00e9s 8,5 m\u00e9ter sz\u00e9les, \u00edgy b\u0151s\u00e9ges helyet k\u00edn\u00e1l a fed\u00e9lzeten tart\u00f3zkod\u00f3knak. Maxim\u00e1lis kapacit\u00e1sa 350 f\u0151, \u00edgy kisebb \u00e9s nagyobb t\u00e1rsas\u00e1gok sz\u00e1m\u00e1ra egyar\u00e1nt t\u00f6k\u00e9letes v\u00e1laszt\u00e1s. Zinuru az \u00dajpesti \u00f6b\u00f6lben k\u00e9sz\u00fclt hosssz\u00fa h\u00f3napokon \u00e1t, \u00e9s b\u00fcszk\u00e9k vagyunk r\u00e1, hogy egy igaz\u00e1n k\u00fcl\u00f6nleges, saj\u00e1t tervez\u00e9s\u0171 \u00e9s hazai \u00e9p\u00edt\u00e9s\u0171 haj\u00f3val j\u00e1rhatjuk a Dun\u00e1t. A haj\u00f3n minden eleme egyedi \u00e9s saj\u00e1t tervez\u00e9s\u0171.<\/p>\n<p><img decoding=\"async\" loading=\"lazy\" class=\"alignnone size-large wp-image-19846\" src=\"https:\/\/purpleliner.hu\/wp-content\/uploads\/2025\/02\/zinuru2-1024x626.png\" alt=\"zinuru\" width=\"1024\" height=\"626\" srcset=\"https:\/\/purpleliner.hu\/wp-content\/uploads\/2025\/02\/zinuru2-1024x626.png 1024w, https:\/\/purpleliner.hu\/wp-content\/uploads\/2025\/02\/zinuru2-300x183.png 300w, https:\/\/purpleliner.hu\/wp-content\/uploads\/2025\/02\/zinuru2-600x367.png 600w, https:\/\/purpleliner.hu\/wp-content\/uploads\/2025\/02\/zinuru2.png 1250w\" sizes=\"(max-width: 1024px) 100vw, 1024px\" \/><br \/>\n<span style=\"color: #808080;\">Az \u00e9p\u00fcl\u00e9s h\u00f3napjai az \u00dajpesti \u00f6b\u00f6lben<\/span><\/p>\n<p><img decoding=\"async\" loading=\"lazy\" class=\"alignnone size-large wp-image-19848\" src=\"https:\/\/purpleliner.hu\/wp-content\/uploads\/2025\/02\/zinuru3-1024x576.png\" alt=\"zinuru\" width=\"1024\" height=\"576\" srcset=\"https:\/\/purpleliner.hu\/wp-content\/uploads\/2025\/02\/zinuru3-1024x576.png 1024w, https:\/\/purpleliner.hu\/wp-content\/uploads\/2025\/02\/zinuru3-300x169.png 300w, https:\/\/purpleliner.hu\/wp-content\/uploads\/2025\/02\/zinuru3-600x337.png 600w, https:\/\/purpleliner.hu\/wp-content\/uploads\/2025\/02\/zinuru3.png 1250w\" sizes=\"(max-width: 1024px) 100vw, 1024px\" \/><br \/>\n<span style=\"color: #808080;\">Els\u0151 utj\u00e1ra k\u00e9sz\u00fcl a Zinuru<\/span><\/p>\n<p>A fed\u00e9lzet\u00fcnk kialak\u00edt\u00e1sa kifejezetten a panor\u00e1ma \u00e9lvezet\u00e9re lett tervezve: hatalmas ablakainknak k\u00f6sz\u00f6nhet\u0151en minden vend\u00e9g\u00fcnk zavartalan kil\u00e1t\u00e1sban gy\u00f6ny\u00f6rk\u00f6dhet. Legyen sz\u00f3 nappali v\u00e1rosn\u00e9z\u00e9sr\u0151l, amikor Budapest ikonikus \u00e9p\u00fcletei teljes pomp\u00e1jukban t\u00e1rulnak el\u00e9nk, vagy egy esti s\u00e9tahaj\u00f3z\u00e1sr\u00f3l, amikor a kivil\u00e1g\u00edtott v\u00e1ros f\u00e9nyei t\u00fck\u00f6rk\u00e9pet rajzolnak a v\u00edz felsz\u00edn\u00e9re \u2013 Zinuru mindig t\u00f6k\u00e9letes helysz\u00ednt biztos\u00edt a var\u00e1zslatos \u00e9lm\u00e9nyekhez. A Zinuru nem csup\u00e1n egy s\u00e9tahaj\u00f3 \u2013 egy val\u00f3di \u00fasz\u00f3 \u201ctanterem\u201d, amely mind a felfedez\u00e9sre, mind laz\u00edt\u00e1sra t\u00f6k\u00e9letes v\u00e1laszt\u00e1s. A v\u00e1ros l\u00e1tv\u00e1nyoss\u00e1gair\u00f3l r\u00f6vid \u00edr\u00e1sos anyag olvashat\u00f3 a haj\u00f3 t\u00f6bb pontj\u00e1n elhelyezett k\u00e9perny\u0151n. A fed\u00e9lzeten helyben pattogtatott kukorica, valamint ny\u00e1ron sz\u00e9les fagylalt k\u00edn\u00e1lat v\u00e1rja a l\u00e1togat\u00f3inkat.<\/p>\n<p>&nbsp;<\/p>\n<p><img decoding=\"async\" loading=\"lazy\" class=\"alignnone size-large wp-image-19850\" src=\"https:\/\/purpleliner.hu\/wp-content\/uploads\/2025\/02\/zinuru4-1024x682.png\" alt=\"zinuru\" width=\"1024\" height=\"682\" srcset=\"https:\/\/purpleliner.hu\/wp-content\/uploads\/2025\/02\/zinuru4-1024x682.png 1024w, https:\/\/purpleliner.hu\/wp-content\/uploads\/2025\/02\/zinuru4-300x200.png 300w, https:\/\/purpleliner.hu\/wp-content\/uploads\/2025\/02\/zinuru4-720x480.png 720w, https:\/\/purpleliner.hu\/wp-content\/uploads\/2025\/02\/zinuru4-600x400.png 600w, https:\/\/purpleliner.hu\/wp-content\/uploads\/2025\/02\/zinuru4.png 1250w\" sizes=\"(max-width: 1024px) 100vw, 1024px\" \/><br \/>\n<span style=\"color: #808080;\">A k\u00e9sz Zinuru teljes pomp\u00e1j\u00e1ban<\/span><\/p>\n<p>\u00c9rdekess\u00e9gek a haj\u00f3nkr\u00f3l: Zinuru \u00f6sszt\u00f6mege el\u00e9ri a 160 tonn\u00e1t, amelyhez egy tekint\u00e9lyes, 450 kg-os orrhorgony is t\u00e1rsul. A folyami katamar\u00e1n besorol\u00e1snak k\u00f6sz\u00f6nhet\u0151en stabil \u00e9s k\u00e9nyelmes utaz\u00e1st biztos\u00edt, \u00edgy a hull\u00e1mok sem zavarhatj\u00e1k meg a fed\u00e9lzet\u00e9n elt\u00f6lt\u00f6tt kellemes id\u0151t.<br \/>\nHaj\u00f3nk kiv\u00e1l\u00f3an alkalmas <strong>v\u00e1rosn\u00e9z\u0151 s\u00e9tahaj\u00f3z\u00e1sokra<\/strong>, <strong>romantikus esti utakra<\/strong> vagy ak\u00e1r <strong>exkluz\u00edv \u00fcl\u0151rendezv\u00e9nyek<\/strong>, <strong>el\u0151ad\u00e1sok,<\/strong> <strong>tem\u00e9kbemutat\u00f3k<\/strong> lebonyol\u00edt\u00e1s\u00e1ra. Ha Budapest legszebb arc\u00e1t szeretn\u00e9d l\u00e1tni a v\u00edzr\u0151l, a Zinuru a legjobb v\u00e1laszt\u00e1s!<br \/>\nKik\u00f6t\u0151nk az ikonikus Parlament \u00e9p\u00fclete el\u0151tt tal\u00e1lhat\u00f3, amely \u00f6nmag\u00e1ban is leny\u0171g\u00f6z\u0151 l\u00e1tv\u00e1nyt ny\u00fajt, de most el\u0151tte a hatalmas ZinUru teszi teljess\u00e9 a panor\u00e1m\u00e1t.<\/p>\n<p>Kik\u00f6t\u0151nk a budai oldalon tal\u00e1lhat\u00f3 Batthy\u00e1ny t\u00e9rr\u0151l indul az 1\/B sz\u00e1m el\u0151l. Haj\u00f3nk k\u00f6nnyen megk\u00f6zel\u00edthet\u0151 t\u00f6megk\u00f6zleked\u00e9ssel. A Batthy\u00e1ny teret a 19-es, 41-es villamossal vagy a 11-es, 111-es, 139-es busszal, illetve az M2-es metr\u00f3vonallal k\u00f6zel\u00edthetik meg.<br \/>\nCsatlakozz hozz\u00e1nk, \u00e9s fedezd fel Budapestet egy teljesen \u00faj perspekt\u00edv\u00e1b\u00f3l \u2013 a Zinuru fed\u00e9lzet\u00e9r\u0151l!<\/p>\n","protected":false},"excerpt":{"rendered":"<p>\u00dcdv\u00f6zl\u00fcnk a Zinuru fed\u00e9lzet\u00e9n! Haj\u00f3nk a Szabads\u00e1g h\u00edd l\u00e1b\u00e1n\u00e1l Ha Budapest sz\u00e9ps\u00e9geit a v\u00edzr\u0151l szeretn\u00e9d felfedezni, nincs is jobb m\u00f3dja, mint a fed\u00e9lzet\u00fcnk\u00f6n ringat\u00f3zni a Duna hull\u00e1main. A k\u00f6vetkez\u0151 \u00edr\u00e1sunkban szeretn\u00e9nk bemutatni a Zinuru nev\u0171 v\u00e1rosn\u00e9z\u0151 haj\u00f3nk, egy p\u00e1r sz\u00f3t ejtve annak k\u00fcl\u00f6nlegss\u00e9geir\u0151l. A nev\u00e9t egy er\u0151teljes egyiptomi mantr\u00e1r\u00f3l kapta. A Smaragd T\u00e1bl\u00e1k sz\u00f6veg\u00e9ben volt [&hellip;]<\/p>\n","protected":false},"author":3,"featured_media":0,"parent":0,"menu_order":0,"comment_status":"closed","ping_status":"closed","template":"","meta":{"disable_template_blocks":false,"footnotes":""},"yoast_head":"<!-- This site is optimized with the Yoast SEO plugin v24.0 - https:\/\/yoast.com\/wordpress\/plugins\/seo\/ -->\n<title>\u00dcdv\u00f6zl\u00fcnk a Zinuru fed\u00e9lzet\u00e9n! - Purpleliner<\/title>\n<meta name=\"robots\" content=\"index, follow, max-snippet:-1, max-image-preview:large, max-video-preview:-1\" \/>\n<link rel=\"canonical\" href=\"https:\/\/purpleliner.hu\/hu\/udvozlunk-a-zinuru-fedelzeten\/\" \/>\n<meta property=\"og:locale\" content=\"hu_HU\" \/>\n<meta property=\"og:type\" content=\"article\" \/>\n<meta property=\"og:title\" content=\"\u00dcdv\u00f6zl\u00fcnk a Zinuru fed\u00e9lzet\u00e9n! - Purpleliner\" \/>\n<meta property=\"og:description\" content=\"\u00dcdv\u00f6zl\u00fcnk a Zinuru fed\u00e9lzet\u00e9n! Haj\u00f3nk a Szabads\u00e1g h\u00edd l\u00e1b\u00e1n\u00e1l Ha Budapest sz\u00e9ps\u00e9geit a v\u00edzr\u0151l szeretn\u00e9d felfedezni, nincs is jobb m\u00f3dja, mint a fed\u00e9lzet\u00fcnk\u00f6n ringat\u00f3zni a Duna hull\u00e1main. A k\u00f6vetkez\u0151 \u00edr\u00e1sunkban szeretn\u00e9nk bemutatni a Zinuru nev\u0171 v\u00e1rosn\u00e9z\u0151 haj\u00f3nk, egy p\u00e1r sz\u00f3t ejtve annak k\u00fcl\u00f6nlegss\u00e9geir\u0151l. A nev\u00e9t egy er\u0151teljes egyiptomi mantr\u00e1r\u00f3l kapta. A Smaragd T\u00e1bl\u00e1k sz\u00f6veg\u00e9ben volt [&hellip;]\" \/>\n<meta property=\"og:url\" content=\"https:\/\/purpleliner.hu\/hu\/udvozlunk-a-zinuru-fedelzeten\/\" \/>\n<meta property=\"og:site_name\" content=\"Purpleliner\" \/>\n<meta property=\"article:publisher\" content=\"https:\/\/www.facebook.com\/purpleliner\" \/>\n<meta property=\"article:modified_time\" content=\"2025-02-17T09:35:29+00:00\" \/>\n<meta property=\"og:image\" content=\"https:\/\/purpleliner.hu\/wp-content\/uploads\/2025\/02\/zinuru-1024x682.png\" \/>\n\t<meta property=\"og:image:width\" content=\"1024\" \/>\n\t<meta property=\"og:image:height\" content=\"682\" \/>\n\t<meta property=\"og:image:type\" content=\"image\/png\" \/>\n<meta name=\"twitter:card\" content=\"summary_large_image\" \/>\n<meta name=\"twitter:label1\" content=\"Becs\u00fclt olvas\u00e1si id\u0151\" \/>\n\t<meta name=\"twitter:data1\" content=\"3 perc\" \/>\n<script type=\"application\/ld+json\" class=\"yoast-schema-graph\">{\"@context\":\"https:\/\/schema.org\",\"@graph\":[{\"@type\":\"WebPage\",\"@id\":\"https:\/\/purpleliner.hu\/hu\/udvozlunk-a-zinuru-fedelzeten\/\",\"url\":\"https:\/\/purpleliner.hu\/hu\/udvozlunk-a-zinuru-fedelzeten\/\",\"name\":\"\u00dcdv\u00f6zl\u00fcnk a Zinuru fed\u00e9lzet\u00e9n! - Purpleliner\",\"isPartOf\":{\"@id\":\"https:\/\/purpleliner.hu\/hu\/#website\"},\"primaryImageOfPage\":{\"@id\":\"https:\/\/purpleliner.hu\/hu\/udvozlunk-a-zinuru-fedelzeten\/#primaryimage\"},\"image\":{\"@id\":\"https:\/\/purpleliner.hu\/hu\/udvozlunk-a-zinuru-fedelzeten\/#primaryimage\"},\"thumbnailUrl\":\"https:\/\/purpleliner.hu\/wp-content\/uploads\/2025\/02\/zinuru-1024x682.png\",\"datePublished\":\"2025-02-17T08:47:31+00:00\",\"dateModified\":\"2025-02-17T09:35:29+00:00\",\"breadcrumb\":{\"@id\":\"https:\/\/purpleliner.hu\/hu\/udvozlunk-a-zinuru-fedelzeten\/#breadcrumb\"},\"inLanguage\":\"hu\",\"potentialAction\":[{\"@type\":\"ReadAction\",\"target\":[\"https:\/\/purpleliner.hu\/hu\/udvozlunk-a-zinuru-fedelzeten\/\"]}]},{\"@type\":\"ImageObject\",\"inLanguage\":\"hu\",\"@id\":\"https:\/\/purpleliner.hu\/hu\/udvozlunk-a-zinuru-fedelzeten\/#primaryimage\",\"url\":\"https:\/\/purpleliner.hu\/wp-content\/uploads\/2025\/02\/zinuru-1024x682.png\",\"contentUrl\":\"https:\/\/purpleliner.hu\/wp-content\/uploads\/2025\/02\/zinuru-1024x682.png\"},{\"@type\":\"BreadcrumbList\",\"@id\":\"https:\/\/purpleliner.hu\/hu\/udvozlunk-a-zinuru-fedelzeten\/#breadcrumb\",\"itemListElement\":[{\"@type\":\"ListItem\",\"position\":1,\"name\":\"Home\",\"item\":\"https:\/\/purpleliner.hu\/hu\/\"},{\"@type\":\"ListItem\",\"position\":2,\"name\":\"\u00dcdv\u00f6zl\u00fcnk a Zinuru fed\u00e9lzet\u00e9n!\"}]},{\"@type\":\"WebSite\",\"@id\":\"https:\/\/purpleliner.hu\/hu\/#website\",\"url\":\"https:\/\/purpleliner.hu\/hu\/\",\"name\":\"Purpleliner Cruises Budapest\",\"description\":\"Your Sightseeing Cruises at Budapest\",\"publisher\":{\"@id\":\"https:\/\/purpleliner.hu\/hu\/#organization\"},\"potentialAction\":[{\"@type\":\"SearchAction\",\"target\":{\"@type\":\"EntryPoint\",\"urlTemplate\":\"https:\/\/purpleliner.hu\/hu\/?s={search_term_string}\"},\"query-input\":{\"@type\":\"PropertyValueSpecification\",\"valueRequired\":true,\"valueName\":\"search_term_string\"}}],\"inLanguage\":\"hu\"},{\"@type\":\"Organization\",\"@id\":\"https:\/\/purpleliner.hu\/hu\/#organization\",\"name\":\"Purpleliner\",\"url\":\"https:\/\/purpleliner.hu\/hu\/\",\"logo\":{\"@type\":\"ImageObject\",\"inLanguage\":\"hu\",\"@id\":\"https:\/\/purpleliner.hu\/hu\/#\/schema\/logo\/image\/\",\"url\":\"https:\/\/purpleliner.hu\/wp-content\/uploads\/2023\/12\/letoltes-svg.png\",\"contentUrl\":\"https:\/\/purpleliner.hu\/wp-content\/uploads\/2023\/12\/letoltes-svg.png\",\"width\":451,\"height\":451,\"caption\":\"Purpleliner\"},\"image\":{\"@id\":\"https:\/\/purpleliner.hu\/hu\/#\/schema\/logo\/image\/\"},\"sameAs\":[\"https:\/\/www.facebook.com\/purpleliner\"]}]}<\/script>\n<!-- \/ Yoast SEO plugin. -->","yoast_head_json":{"title":"\u00dcdv\u00f6zl\u00fcnk a Zinuru fed\u00e9lzet\u00e9n! - Purpleliner","robots":{"index":"index","follow":"follow","max-snippet":"max-snippet:-1","max-image-preview":"max-image-preview:large","max-video-preview":"max-video-preview:-1"},"canonical":"https:\/\/purpleliner.hu\/hu\/udvozlunk-a-zinuru-fedelzeten\/","og_locale":"hu_HU","og_type":"article","og_title":"\u00dcdv\u00f6zl\u00fcnk a Zinuru fed\u00e9lzet\u00e9n! - Purpleliner","og_description":"\u00dcdv\u00f6zl\u00fcnk a Zinuru fed\u00e9lzet\u00e9n! Haj\u00f3nk a Szabads\u00e1g h\u00edd l\u00e1b\u00e1n\u00e1l Ha Budapest sz\u00e9ps\u00e9geit a v\u00edzr\u0151l szeretn\u00e9d felfedezni, nincs is jobb m\u00f3dja, mint a fed\u00e9lzet\u00fcnk\u00f6n ringat\u00f3zni a Duna hull\u00e1main. A k\u00f6vetkez\u0151 \u00edr\u00e1sunkban szeretn\u00e9nk bemutatni a Zinuru nev\u0171 v\u00e1rosn\u00e9z\u0151 haj\u00f3nk, egy p\u00e1r sz\u00f3t ejtve annak k\u00fcl\u00f6nlegss\u00e9geir\u0151l. A nev\u00e9t egy er\u0151teljes egyiptomi mantr\u00e1r\u00f3l kapta. A Smaragd T\u00e1bl\u00e1k sz\u00f6veg\u00e9ben volt [&hellip;]","og_url":"https:\/\/purpleliner.hu\/hu\/udvozlunk-a-zinuru-fedelzeten\/","og_site_name":"Purpleliner","article_publisher":"https:\/\/www.facebook.com\/purpleliner","article_modified_time":"2025-02-17T09:35:29+00:00","og_image":[{"width":1024,"height":682,"url":"https:\/\/purpleliner.hu\/wp-content\/uploads\/2025\/02\/zinuru-1024x682.png","type":"image\/png"}],"twitter_card":"summary_large_image","twitter_misc":{"Becs\u00fclt olvas\u00e1si id\u0151":"3 perc"},"schema":{"@context":"https:\/\/schema.org","@graph":[{"@type":"WebPage","@id":"https:\/\/purpleliner.hu\/hu\/udvozlunk-a-zinuru-fedelzeten\/","url":"https:\/\/purpleliner.hu\/hu\/udvozlunk-a-zinuru-fedelzeten\/","name":"\u00dcdv\u00f6zl\u00fcnk a Zinuru fed\u00e9lzet\u00e9n! - Purpleliner","isPartOf":{"@id":"https:\/\/purpleliner.hu\/hu\/#website"},"primaryImageOfPage":{"@id":"https:\/\/purpleliner.hu\/hu\/udvozlunk-a-zinuru-fedelzeten\/#primaryimage"},"image":{"@id":"https:\/\/purpleliner.hu\/hu\/udvozlunk-a-zinuru-fedelzeten\/#primaryimage"},"thumbnailUrl":"https:\/\/purpleliner.hu\/wp-content\/uploads\/2025\/02\/zinuru-1024x682.png","datePublished":"2025-02-17T08:47:31+00:00","dateModified":"2025-02-17T09:35:29+00:00","breadcrumb":{"@id":"https:\/\/purpleliner.hu\/hu\/udvozlunk-a-zinuru-fedelzeten\/#breadcrumb"},"inLanguage":"hu","potentialAction":[{"@type":"ReadAction","target":["https:\/\/purpleliner.hu\/hu\/udvozlunk-a-zinuru-fedelzeten\/"]}]},{"@type":"ImageObject","inLanguage":"hu","@id":"https:\/\/purpleliner.hu\/hu\/udvozlunk-a-zinuru-fedelzeten\/#primaryimage","url":"https:\/\/purpleliner.hu\/wp-content\/uploads\/2025\/02\/zinuru-1024x682.png","contentUrl":"https:\/\/purpleliner.hu\/wp-content\/uploads\/2025\/02\/zinuru-1024x682.png"},{"@type":"BreadcrumbList","@id":"https:\/\/purpleliner.hu\/hu\/udvozlunk-a-zinuru-fedelzeten\/#breadcrumb","itemListElement":[{"@type":"ListItem","position":1,"name":"Home","item":"https:\/\/purpleliner.hu\/hu\/"},{"@type":"ListItem","position":2,"name":"\u00dcdv\u00f6zl\u00fcnk a Zinuru fed\u00e9lzet\u00e9n!"}]},{"@type":"WebSite","@id":"https:\/\/purpleliner.hu\/hu\/#website","url":"https:\/\/purpleliner.hu\/hu\/","name":"Purpleliner Cruises Budapest","description":"Your Sightseeing Cruises at Budapest","publisher":{"@id":"https:\/\/purpleliner.hu\/hu\/#organization"},"potentialAction":[{"@type":"SearchAction","target":{"@type":"EntryPoint","urlTemplate":"https:\/\/purpleliner.hu\/hu\/?s={search_term_string}"},"query-input":{"@type":"PropertyValueSpecification","valueRequired":true,"valueName":"search_term_string"}}],"inLanguage":"hu"},{"@type":"Organization","@id":"https:\/\/purpleliner.hu\/hu\/#organization","name":"Purpleliner","url":"https:\/\/purpleliner.hu\/hu\/","logo":{"@type":"ImageObject","inLanguage":"hu","@id":"https:\/\/purpleliner.hu\/hu\/#\/schema\/logo\/image\/","url":"https:\/\/purpleliner.hu\/wp-content\/uploads\/2023\/12\/letoltes-svg.png","contentUrl":"https:\/\/purpleliner.hu\/wp-content\/uploads\/2023\/12\/letoltes-svg.png","width":451,"height":451,"caption":"Purpleliner"},"image":{"@id":"https:\/\/purpleliner.hu\/hu\/#\/schema\/logo\/image\/"},"sameAs":["https:\/\/www.facebook.com\/purpleliner"]}]}},"_links":{"self":[{"href":"https:\/\/purpleliner.hu\/hu\/wp-json\/wp\/v2\/pages\/19858"}],"collection":[{"href":"https:\/\/purpleliner.hu\/hu\/wp-json\/wp\/v2\/pages"}],"about":[{"href":"https:\/\/purpleliner.hu\/hu\/wp-json\/wp\/v2\/types\/page"}],"author":[{"embeddable":true,"href":"https:\/\/purpleliner.hu\/hu\/wp-json\/wp\/v2\/users\/3"}],"replies":[{"embeddable":true,"href":"https:\/\/purpleliner.hu\/hu\/wp-json\/wp\/v2\/comments?post=19858"}],"version-history":[{"count":1,"href":"https:\/\/purpleliner.hu\/hu\/wp-json\/wp\/v2\/pages\/19858\/revisions"}],"predecessor-version":[{"id":19859,"href":"https:\/\/purpleliner.hu\/hu\/wp-json\/wp\/v2\/pages\/19858\/revisions\/19859"}],"wp:attachment":[{"href":"https:\/\/purpleliner.hu\/hu\/wp-json\/wp\/v2\/media?parent=19858"}],"curies":[{"name":"wp","href":"https:\/\/api.w.org\/{rel}","templated":true}]}}