{"id":381,"date":"2023-02-14T12:05:48","date_gmt":"2023-02-14T11:05:48","guid":{"rendered":"https:\/\/purpleliner.hu\/?page_id=381"},"modified":"2026-02-16T10:47:25","modified_gmt":"2026-02-16T09:47:25","slug":"rolunk","status":"publish","type":"page","link":"https:\/\/purpleliner.hu\/hu\/rolunk\/","title":{"rendered":"R\u00f3lunk"},"content":{"rendered":"<div style=\"margin-bottom: 60px;\">\n<p style=\"text-align: center;\">Budapest egyik leg\u00fajabb haj\u00f3t\u00fara szolg\u00e1ltat\u00f3jak\u00e9nt t\u00f6reksz\u00fcnk arra, hogy megfelelj\u00fcnk az \u00fcgyfeleink elv\u00e1r\u00e1sainak.<br \/>\nC\u00e9lunk az, hogy vend\u00e9geinknek felejthetetlen \u00e9lm\u00e9nyt ny\u00fajtsunk, bemutatva Budapest sz\u00e9ps\u00e9geit \u00e9s t\u00f6rt\u00e9nelm\u00e9t. Nagyra tartjuk kiv\u00e1l\u00f3 \u00fcgyf\u00e9lszolg\u00e1latunkat, \u00e9s igyeksz\u00fcnk biztos\u00edtani, hogy minden vend\u00e9g \u00fcdv\u00f6z\u00f6lve \u00e9s k\u00e9nyelmesen \u00e9rezze mag\u00e1t haj\u00f3inkon. Saj\u00e1t \u00e9p\u00edt\u00e9s\u0171 haj\u00f3ink modern k\u00e9nyelmi \u00e9s biztons\u00e1gi felszerel\u00e9ssel vannak ell\u00e1tva, \u00edgy biztos\u00edtva z\u00f6kken\u0151mentes \u00e9s k\u00e9nyelmes utaz\u00e1st. Emellett k\u00fcl\u00f6nf\u00e9le snackeket \u00e9s italokat is k\u00edn\u00e1lunk a fed\u00e9lzeten, hogy h\u00e1trad\u0151lve \u00e9lvezhesd a gy\u00f6ny\u00f6r\u0171 budapesti panor\u00e1m\u00e1t.<\/p>\n<p style=\"text-align: center;\">A Purpleliner folyamatosan keresi \u00faj partnereit online, \u00e9s offline egyar\u00e1nt.<\/p>\n<p style=\"text-align: center;\">Ha \u00f6n is szeretne csatlakozni hozz\u00e1nk, vegye fel vel\u00fcnk a kapcsolatot.<\/p>\n<p style=\"text-align: center;\">Tov\u00e1bbi inform\u00e1ci\u00f3k\u00e9rt \u00e9s foglal\u00e1s\u00e9rt keressen minket az al\u00e1bbi el\u00e9rhet\u0151s\u00e9gek egyik\u00e9n:<\/p>\n<p style=\"text-align: center;\">e-mail: hello@purpleliner.hu<\/p>\n<p style=\"text-align: center;\">phone: + 36\/20-481-4833<\/p>\n<\/div>\n","protected":false},"excerpt":{"rendered":"<p>Budapest egyik leg\u00fajabb haj\u00f3t\u00fara szolg\u00e1ltat\u00f3jak\u00e9nt t\u00f6reksz\u00fcnk arra, hogy megfelelj\u00fcnk az \u00fcgyfeleink elv\u00e1r\u00e1sainak. C\u00e9lunk az, hogy vend\u00e9geinknek felejthetetlen \u00e9lm\u00e9nyt ny\u00fajtsunk, bemutatva Budapest sz\u00e9ps\u00e9geit \u00e9s t\u00f6rt\u00e9nelm\u00e9t. Nagyra tartjuk kiv\u00e1l\u00f3 \u00fcgyf\u00e9lszolg\u00e1latunkat, \u00e9s igyeksz\u00fcnk biztos\u00edtani, hogy minden vend\u00e9g \u00fcdv\u00f6z\u00f6lve \u00e9s k\u00e9nyelmesen \u00e9rezze mag\u00e1t haj\u00f3inkon. Saj\u00e1t \u00e9p\u00edt\u00e9s\u0171 haj\u00f3ink modern k\u00e9nyelmi \u00e9s biztons\u00e1gi felszerel\u00e9ssel vannak ell\u00e1tva, \u00edgy biztos\u00edtva z\u00f6kken\u0151mentes \u00e9s k\u00e9nyelmes [&hellip;]<\/p>\n","protected":false},"author":2,"featured_media":0,"parent":0,"menu_order":0,"comment_status":"closed","ping_status":"closed","template":"","meta":{"disable_template_blocks":false,"footnotes":""},"yoast_head":"<!-- This site is optimized with the Yoast SEO plugin v24.0 - https:\/\/yoast.com\/wordpress\/plugins\/seo\/ -->\n<title>R\u00f3lunk - Purpleliner<\/title>\n<meta name=\"robots\" content=\"index, follow, max-snippet:-1, max-image-preview:large, max-video-preview:-1\" \/>\n<link rel=\"canonical\" href=\"https:\/\/purpleliner.hu\/hu\/rolunk\/\" \/>\n<meta property=\"og:locale\" content=\"hu_HU\" \/>\n<meta property=\"og:type\" content=\"article\" \/>\n<meta property=\"og:title\" content=\"R\u00f3lunk - Purpleliner\" \/>\n<meta property=\"og:description\" content=\"Budapest egyik leg\u00fajabb haj\u00f3t\u00fara szolg\u00e1ltat\u00f3jak\u00e9nt t\u00f6reksz\u00fcnk arra, hogy megfelelj\u00fcnk az \u00fcgyfeleink elv\u00e1r\u00e1sainak. C\u00e9lunk az, hogy vend\u00e9geinknek felejthetetlen \u00e9lm\u00e9nyt ny\u00fajtsunk, bemutatva Budapest sz\u00e9ps\u00e9geit \u00e9s t\u00f6rt\u00e9nelm\u00e9t. Nagyra tartjuk kiv\u00e1l\u00f3 \u00fcgyf\u00e9lszolg\u00e1latunkat, \u00e9s igyeksz\u00fcnk biztos\u00edtani, hogy minden vend\u00e9g \u00fcdv\u00f6z\u00f6lve \u00e9s k\u00e9nyelmesen \u00e9rezze mag\u00e1t haj\u00f3inkon. Saj\u00e1t \u00e9p\u00edt\u00e9s\u0171 haj\u00f3ink modern k\u00e9nyelmi \u00e9s biztons\u00e1gi felszerel\u00e9ssel vannak ell\u00e1tva, \u00edgy biztos\u00edtva z\u00f6kken\u0151mentes \u00e9s k\u00e9nyelmes [&hellip;]\" \/>\n<meta property=\"og:url\" content=\"https:\/\/purpleliner.hu\/hu\/rolunk\/\" \/>\n<meta property=\"og:site_name\" content=\"Purpleliner\" \/>\n<meta property=\"article:publisher\" content=\"https:\/\/www.facebook.com\/purpleliner\" \/>\n<meta property=\"article:modified_time\" content=\"2026-02-16T09:47:25+00:00\" \/>\n<meta name=\"twitter:card\" content=\"summary_large_image\" \/>\n<meta name=\"twitter:label1\" content=\"Becs\u00fclt olvas\u00e1si id\u0151\" \/>\n\t<meta name=\"twitter:data1\" content=\"1 perc\" \/>\n<script type=\"application\/ld+json\" class=\"yoast-schema-graph\">{\"@context\":\"https:\/\/schema.org\",\"@graph\":[{\"@type\":\"WebPage\",\"@id\":\"https:\/\/purpleliner.hu\/hu\/rolunk\/\",\"url\":\"https:\/\/purpleliner.hu\/hu\/rolunk\/\",\"name\":\"R\u00f3lunk - Purpleliner\",\"isPartOf\":{\"@id\":\"https:\/\/purpleliner.hu\/hu\/#website\"},\"datePublished\":\"2023-02-14T11:05:48+00:00\",\"dateModified\":\"2026-02-16T09:47:25+00:00\",\"breadcrumb\":{\"@id\":\"https:\/\/purpleliner.hu\/hu\/rolunk\/#breadcrumb\"},\"inLanguage\":\"hu\",\"potentialAction\":[{\"@type\":\"ReadAction\",\"target\":[\"https:\/\/purpleliner.hu\/hu\/rolunk\/\"]}]},{\"@type\":\"BreadcrumbList\",\"@id\":\"https:\/\/purpleliner.hu\/hu\/rolunk\/#breadcrumb\",\"itemListElement\":[{\"@type\":\"ListItem\",\"position\":1,\"name\":\"Home\",\"item\":\"https:\/\/purpleliner.hu\/hu\/\"},{\"@type\":\"ListItem\",\"position\":2,\"name\":\"R\u00f3lunk\"}]},{\"@type\":\"WebSite\",\"@id\":\"https:\/\/purpleliner.hu\/hu\/#website\",\"url\":\"https:\/\/purpleliner.hu\/hu\/\",\"name\":\"Purpleliner Cruises Budapest\",\"description\":\"Your Sightseeing Cruises at Budapest\",\"publisher\":{\"@id\":\"https:\/\/purpleliner.hu\/hu\/#organization\"},\"potentialAction\":[{\"@type\":\"SearchAction\",\"target\":{\"@type\":\"EntryPoint\",\"urlTemplate\":\"https:\/\/purpleliner.hu\/hu\/?s={search_term_string}\"},\"query-input\":{\"@type\":\"PropertyValueSpecification\",\"valueRequired\":true,\"valueName\":\"search_term_string\"}}],\"inLanguage\":\"hu\"},{\"@type\":\"Organization\",\"@id\":\"https:\/\/purpleliner.hu\/hu\/#organization\",\"name\":\"Purpleliner\",\"url\":\"https:\/\/purpleliner.hu\/hu\/\",\"logo\":{\"@type\":\"ImageObject\",\"inLanguage\":\"hu\",\"@id\":\"https:\/\/purpleliner.hu\/hu\/#\/schema\/logo\/image\/\",\"url\":\"https:\/\/purpleliner.hu\/wp-content\/uploads\/2023\/12\/letoltes-svg.png\",\"contentUrl\":\"https:\/\/purpleliner.hu\/wp-content\/uploads\/2023\/12\/letoltes-svg.png\",\"width\":451,\"height\":451,\"caption\":\"Purpleliner\"},\"image\":{\"@id\":\"https:\/\/purpleliner.hu\/hu\/#\/schema\/logo\/image\/\"},\"sameAs\":[\"https:\/\/www.facebook.com\/purpleliner\"]}]}<\/script>\n<!-- \/ Yoast SEO plugin. -->","yoast_head_json":{"title":"R\u00f3lunk - Purpleliner","robots":{"index":"index","follow":"follow","max-snippet":"max-snippet:-1","max-image-preview":"max-image-preview:large","max-video-preview":"max-video-preview:-1"},"canonical":"https:\/\/purpleliner.hu\/hu\/rolunk\/","og_locale":"hu_HU","og_type":"article","og_title":"R\u00f3lunk - Purpleliner","og_description":"Budapest egyik leg\u00fajabb haj\u00f3t\u00fara szolg\u00e1ltat\u00f3jak\u00e9nt t\u00f6reksz\u00fcnk arra, hogy megfelelj\u00fcnk az \u00fcgyfeleink elv\u00e1r\u00e1sainak. C\u00e9lunk az, hogy vend\u00e9geinknek felejthetetlen \u00e9lm\u00e9nyt ny\u00fajtsunk, bemutatva Budapest sz\u00e9ps\u00e9geit \u00e9s t\u00f6rt\u00e9nelm\u00e9t. Nagyra tartjuk kiv\u00e1l\u00f3 \u00fcgyf\u00e9lszolg\u00e1latunkat, \u00e9s igyeksz\u00fcnk biztos\u00edtani, hogy minden vend\u00e9g \u00fcdv\u00f6z\u00f6lve \u00e9s k\u00e9nyelmesen \u00e9rezze mag\u00e1t haj\u00f3inkon. Saj\u00e1t \u00e9p\u00edt\u00e9s\u0171 haj\u00f3ink modern k\u00e9nyelmi \u00e9s biztons\u00e1gi felszerel\u00e9ssel vannak ell\u00e1tva, \u00edgy biztos\u00edtva z\u00f6kken\u0151mentes \u00e9s k\u00e9nyelmes [&hellip;]","og_url":"https:\/\/purpleliner.hu\/hu\/rolunk\/","og_site_name":"Purpleliner","article_publisher":"https:\/\/www.facebook.com\/purpleliner","article_modified_time":"2026-02-16T09:47:25+00:00","twitter_card":"summary_large_image","twitter_misc":{"Becs\u00fclt olvas\u00e1si id\u0151":"1 perc"},"schema":{"@context":"https:\/\/schema.org","@graph":[{"@type":"WebPage","@id":"https:\/\/purpleliner.hu\/hu\/rolunk\/","url":"https:\/\/purpleliner.hu\/hu\/rolunk\/","name":"R\u00f3lunk - Purpleliner","isPartOf":{"@id":"https:\/\/purpleliner.hu\/hu\/#website"},"datePublished":"2023-02-14T11:05:48+00:00","dateModified":"2026-02-16T09:47:25+00:00","breadcrumb":{"@id":"https:\/\/purpleliner.hu\/hu\/rolunk\/#breadcrumb"},"inLanguage":"hu","potentialAction":[{"@type":"ReadAction","target":["https:\/\/purpleliner.hu\/hu\/rolunk\/"]}]},{"@type":"BreadcrumbList","@id":"https:\/\/purpleliner.hu\/hu\/rolunk\/#breadcrumb","itemListElement":[{"@type":"ListItem","position":1,"name":"Home","item":"https:\/\/purpleliner.hu\/hu\/"},{"@type":"ListItem","position":2,"name":"R\u00f3lunk"}]},{"@type":"WebSite","@id":"https:\/\/purpleliner.hu\/hu\/#website","url":"https:\/\/purpleliner.hu\/hu\/","name":"Purpleliner Cruises Budapest","description":"Your Sightseeing Cruises at Budapest","publisher":{"@id":"https:\/\/purpleliner.hu\/hu\/#organization"},"potentialAction":[{"@type":"SearchAction","target":{"@type":"EntryPoint","urlTemplate":"https:\/\/purpleliner.hu\/hu\/?s={search_term_string}"},"query-input":{"@type":"PropertyValueSpecification","valueRequired":true,"valueName":"search_term_string"}}],"inLanguage":"hu"},{"@type":"Organization","@id":"https:\/\/purpleliner.hu\/hu\/#organization","name":"Purpleliner","url":"https:\/\/purpleliner.hu\/hu\/","logo":{"@type":"ImageObject","inLanguage":"hu","@id":"https:\/\/purpleliner.hu\/hu\/#\/schema\/logo\/image\/","url":"https:\/\/purpleliner.hu\/wp-content\/uploads\/2023\/12\/letoltes-svg.png","contentUrl":"https:\/\/purpleliner.hu\/wp-content\/uploads\/2023\/12\/letoltes-svg.png","width":451,"height":451,"caption":"Purpleliner"},"image":{"@id":"https:\/\/purpleliner.hu\/hu\/#\/schema\/logo\/image\/"},"sameAs":["https:\/\/www.facebook.com\/purpleliner"]}]}},"_links":{"self":[{"href":"https:\/\/purpleliner.hu\/hu\/wp-json\/wp\/v2\/pages\/381"}],"collection":[{"href":"https:\/\/purpleliner.hu\/hu\/wp-json\/wp\/v2\/pages"}],"about":[{"href":"https:\/\/purpleliner.hu\/hu\/wp-json\/wp\/v2\/types\/page"}],"author":[{"embeddable":true,"href":"https:\/\/purpleliner.hu\/hu\/wp-json\/wp\/v2\/users\/2"}],"replies":[{"embeddable":true,"href":"https:\/\/purpleliner.hu\/hu\/wp-json\/wp\/v2\/comments?post=381"}],"version-history":[{"count":10,"href":"https:\/\/purpleliner.hu\/hu\/wp-json\/wp\/v2\/pages\/381\/revisions"}],"predecessor-version":[{"id":46202,"href":"https:\/\/purpleliner.hu\/hu\/wp-json\/wp\/v2\/pages\/381\/revisions\/46202"}],"wp:attachment":[{"href":"https:\/\/purpleliner.hu\/hu\/wp-json\/wp\/v2\/media?parent=381"}],"curies":[{"name":"wp","href":"https:\/\/api.w.org\/{rel}","templated":true}]}}