{"id":16331,"date":"2024-11-20T12:49:01","date_gmt":"2024-11-20T11:49:01","guid":{"rendered":"https:\/\/purpleliner.hu\/?post_type=product&#038;p=16331"},"modified":"2026-02-16T10:32:48","modified_gmt":"2026-02-16T09:32:48","slug":"szilveszteri-varosnezo-hajokazas-1-itallal","status":"publish","type":"product","link":"https:\/\/purpleliner.hu\/hu\/termek\/szilveszteri-varosnezo-hajokazas-1-itallal\/","title":{"rendered":"Szilveszteri v\u00e1rosn\u00e9z\u0151 haj\u00f3k\u00e1z\u00e1s 1 itallal"},"content":{"rendered":"<div class=\"intro-paragraph\">\r\n<p>\u00dcnnepeld az \u00daj \u00c9vet egy felejthetetlen este a v\u00edzen! \ud83c\udf1f Sz\u00e1llj fel eleg\u00e1ns haj\u00f3nkra, \u00e9s \u00e9lvezd Budapest leny\u0171g\u00f6z\u0151, kivil\u00e1g\u00edtott nevezetess\u00e9geit, mik\u00f6zben egy v\u00e1laszthat\u00f3 italt kortyolgatsz. Legyen sz\u00f3 szeretteidr\u0151l, bar\u00e1tokr\u00f3l, vagy ak\u00e1r egy var\u00e1zslatos egyed\u00fcl\u00e1ll\u00f3 \u00e9lm\u00e9nyr\u0151l, ez a var\u00e1zslatos szilveszteri utaz\u00e1s a t\u00f6k\u00e9letes kever\u00e9ke az \u00fcnnepl\u00e9snek \u00e9s a pihen\u00e9snek. Emeld poharad, \u00e9lvezd a zen\u00e9t, \u00e9s hagyd, hogy a csillog\u00f3 Duna a felejthetetlen \u00e9jszak\u00e1t biztos\u00edtsa! \ud83e\udd42\ud83c\udf89<\/p>\r\n<\/div>\r\n<div class=\"timetable-section\">\r\n<h2 id=\"toc-1\">Szilveszteri haj\u00f3z\u00e1si id\u0151rend<\/h2>\r\n<ul>\r\n<li><span style=\"color: #000000;\"><b>Besz\u00e1ll\u00e1s<\/b><span style=\"font-weight: 400;\">: 23:00<\/span><\/span><\/li>\r\n<li><span style=\"color: #000000;\"><b style=\"font-size: revert;\">Indul\u00e1s<\/b><span style=\"font-size: revert;\">: 23:30 <\/span><\/span><\/li>\r\n<li><span style=\"color: #000000;\"><b style=\"font-size: revert;\">T\u00fara v\u00e9ge:<\/b><span style=\"font-size: revert;\"> 01:00<\/span><\/span><\/li>\r\n<\/ul>\r\n<\/div>\r\n<div class=\"inclusions-section\">\r\n<h2 id=\"toc-2\">Jegy tartalma:<\/h2>\r\n<ul>\r\n<li><span style=\"color: #000000;\">\u2714\ufe0f Budapest v\u00e1rosn\u00e9z\u0151 haj\u00f3z\u00e1s<\/span><\/li>\r\n<li><span style=\"color: #000000;\">\u2714\ufe0f 1 poh\u00e1r Prosecco<\/span><\/li>\r\n<\/ul>\r\n<\/div>\r\n<h2 id=\"toc-3\">Gallery<\/h2>\r\n\r\n<figure class=\"wp-block-gallery has-nested-images columns-default is-cropped wp-block-gallery-1 is-layout-flex wp-block-gallery-is-layout-flex\">\r\n<figure data-wp-context=\"{&quot;uploadedSrc&quot;:&quot;https:\\\/\\\/purpleliner.hu\\\/wp-content\\\/uploads\\\/2024\\\/02\\\/budapesti-hajozas-4.jpg&quot;,&quot;figureClassNames&quot;:&quot;wp-block-image size-full&quot;,&quot;figureStyles&quot;:null,&quot;imgClassNames&quot;:&quot;wp-image-15100&quot;,&quot;imgStyles&quot;:null,&quot;targetWidth&quot;:1000,&quot;targetHeight&quot;:666,&quot;scaleAttr&quot;:false,&quot;ariaLabel&quot;:&quot;K\\u00e9p nagy\\u00edt\\u00e1sa: Budapesti haj\\u00f3z\\u00e1s&quot;,&quot;alt&quot;:&quot;Budapesti haj\\u00f3z\\u00e1s&quot;}\" data-wp-interactive=\"core\/image\" class=\"wp-block-image size-full wp-lightbox-container\"><img decoding=\"async\" width=\"1000\" height=\"666\" loading=\"lazy\" data-wp-init=\"callbacks.setButtonStyles\" data-wp-on--click=\"actions.showLightbox\" data-wp-on--load=\"callbacks.setButtonStyles\" data-wp-on-window--resize=\"callbacks.setButtonStyles\" data-id=\"15100\" class=\"wp-image-15100\" src=\"https:\/\/purpleliner.hu\/wp-content\/uploads\/2024\/02\/budapesti-hajozas-4.jpg\" alt=\"Budapesti haj\u00f3z\u00e1s\" srcset=\"https:\/\/purpleliner.hu\/wp-content\/uploads\/2024\/02\/budapesti-hajozas-4.jpg 1000w, https:\/\/purpleliner.hu\/wp-content\/uploads\/2024\/02\/budapesti-hajozas-4-300x200.jpg 300w, https:\/\/purpleliner.hu\/wp-content\/uploads\/2024\/02\/budapesti-hajozas-4-720x480.jpg 720w, https:\/\/purpleliner.hu\/wp-content\/uploads\/2024\/02\/budapesti-hajozas-4-600x400.jpg 600w\" sizes=\"(max-width: 1000px) 100vw, 1000px\" \/><button\n\t\t\tclass=\"lightbox-trigger\"\n\t\t\ttype=\"button\"\n\t\t\taria-haspopup=\"dialog\"\n\t\t\taria-label=\"K\u00e9p nagy\u00edt\u00e1sa: Budapesti haj\u00f3z\u00e1s\"\n\t\t\tdata-wp-init=\"callbacks.initTriggerButton\"\n\t\t\tdata-wp-on--click=\"actions.showLightbox\"\n\t\t\tdata-wp-style--right=\"context.imageButtonRight\"\n\t\t\tdata-wp-style--top=\"context.imageButtonTop\"\n\t\t>\n\t\t\t<svg xmlns=\"http:\/\/www.w3.org\/2000\/svg\" width=\"12\" height=\"12\" fill=\"none\" viewBox=\"0 0 12 12\">\n\t\t\t\t<path fill=\"#fff\" d=\"M2 0a2 2 0 0 0-2 2v2h1.5V2a.5.5 0 0 1 .5-.5h2V0H2Zm2 10.5H2a.5.5 0 0 1-.5-.5V8H0v2a2 2 0 0 0 2 2h2v-1.5ZM8 12v-1.5h2a.5.5 0 0 0 .5-.5V8H12v2a2 2 0 0 1-2 2H8Zm2-12a2 2 0 0 1 2 2v2h-1.5V2a.5.5 0 0 0-.5-.5H8V0h2Z\" \/>\n\t\t\t<\/svg>\n\t\t<\/button><\/figure>\r\n\r\n\r\n\r\n<figure data-wp-context=\"{&quot;uploadedSrc&quot;:&quot;https:\\\/\\\/purpleliner.hu\\\/wp-content\\\/uploads\\\/2024\\\/02\\\/budapesti-hajozas-3.jpg&quot;,&quot;figureClassNames&quot;:&quot;wp-block-image size-full&quot;,&quot;figureStyles&quot;:null,&quot;imgClassNames&quot;:&quot;wp-image-15098&quot;,&quot;imgStyles&quot;:null,&quot;targetWidth&quot;:1000,&quot;targetHeight&quot;:666,&quot;scaleAttr&quot;:false,&quot;ariaLabel&quot;:&quot;K\\u00e9p nagy\\u00edt\\u00e1sa: Budapesti haj\\u00f3z\\u00e1s&quot;,&quot;alt&quot;:&quot;Budapesti haj\\u00f3z\\u00e1s&quot;}\" data-wp-interactive=\"core\/image\" class=\"wp-block-image size-full wp-lightbox-container\"><img decoding=\"async\" width=\"1000\" height=\"666\" loading=\"lazy\" data-wp-init=\"callbacks.setButtonStyles\" data-wp-on--click=\"actions.showLightbox\" data-wp-on--load=\"callbacks.setButtonStyles\" data-wp-on-window--resize=\"callbacks.setButtonStyles\" data-id=\"15098\" class=\"wp-image-15098\" src=\"https:\/\/purpleliner.hu\/wp-content\/uploads\/2024\/02\/budapesti-hajozas-3.jpg\" alt=\"Budapesti haj\u00f3z\u00e1s\" srcset=\"https:\/\/purpleliner.hu\/wp-content\/uploads\/2024\/02\/budapesti-hajozas-3.jpg 1000w, https:\/\/purpleliner.hu\/wp-content\/uploads\/2024\/02\/budapesti-hajozas-3-300x200.jpg 300w, https:\/\/purpleliner.hu\/wp-content\/uploads\/2024\/02\/budapesti-hajozas-3-720x480.jpg 720w, https:\/\/purpleliner.hu\/wp-content\/uploads\/2024\/02\/budapesti-hajozas-3-600x400.jpg 600w\" sizes=\"(max-width: 1000px) 100vw, 1000px\" \/><button\n\t\t\tclass=\"lightbox-trigger\"\n\t\t\ttype=\"button\"\n\t\t\taria-haspopup=\"dialog\"\n\t\t\taria-label=\"K\u00e9p nagy\u00edt\u00e1sa: Budapesti haj\u00f3z\u00e1s\"\n\t\t\tdata-wp-init=\"callbacks.initTriggerButton\"\n\t\t\tdata-wp-on--click=\"actions.showLightbox\"\n\t\t\tdata-wp-style--right=\"context.imageButtonRight\"\n\t\t\tdata-wp-style--top=\"context.imageButtonTop\"\n\t\t>\n\t\t\t<svg xmlns=\"http:\/\/www.w3.org\/2000\/svg\" width=\"12\" height=\"12\" fill=\"none\" viewBox=\"0 0 12 12\">\n\t\t\t\t<path fill=\"#fff\" d=\"M2 0a2 2 0 0 0-2 2v2h1.5V2a.5.5 0 0 1 .5-.5h2V0H2Zm2 10.5H2a.5.5 0 0 1-.5-.5V8H0v2a2 2 0 0 0 2 2h2v-1.5ZM8 12v-1.5h2a.5.5 0 0 0 .5-.5V8H12v2a2 2 0 0 1-2 2H8Zm2-12a2 2 0 0 1 2 2v2h-1.5V2a.5.5 0 0 0-.5-.5H8V0h2Z\" \/>\n\t\t\t<\/svg>\n\t\t<\/button><\/figure>\r\n\r\n\r\n\r\n<figure data-wp-context=\"{&quot;uploadedSrc&quot;:&quot;https:\\\/\\\/purpleliner.hu\\\/wp-content\\\/uploads\\\/2024\\\/02\\\/budapesti-hajozas-2.jpg&quot;,&quot;figureClassNames&quot;:&quot;wp-block-image size-full&quot;,&quot;figureStyles&quot;:null,&quot;imgClassNames&quot;:&quot;wp-image-15096&quot;,&quot;imgStyles&quot;:null,&quot;targetWidth&quot;:1000,&quot;targetHeight&quot;:673,&quot;scaleAttr&quot;:false,&quot;ariaLabel&quot;:&quot;K\\u00e9p nagy\\u00edt\\u00e1sa&quot;,&quot;alt&quot;:&quot;&quot;}\" data-wp-interactive=\"core\/image\" class=\"wp-block-image size-full wp-lightbox-container\"><img decoding=\"async\" width=\"1000\" height=\"673\" loading=\"lazy\" data-wp-init=\"callbacks.setButtonStyles\" data-wp-on--click=\"actions.showLightbox\" data-wp-on--load=\"callbacks.setButtonStyles\" data-wp-on-window--resize=\"callbacks.setButtonStyles\" data-id=\"15096\" class=\"wp-image-15096\" src=\"https:\/\/purpleliner.hu\/wp-content\/uploads\/2024\/02\/budapesti-hajozas-2.jpg\" alt=\"\" srcset=\"https:\/\/purpleliner.hu\/wp-content\/uploads\/2024\/02\/budapesti-hajozas-2.jpg 1000w, https:\/\/purpleliner.hu\/wp-content\/uploads\/2024\/02\/budapesti-hajozas-2-300x202.jpg 300w, https:\/\/purpleliner.hu\/wp-content\/uploads\/2024\/02\/budapesti-hajozas-2-600x404.jpg 600w\" sizes=\"(max-width: 1000px) 100vw, 1000px\" \/><button\n\t\t\tclass=\"lightbox-trigger\"\n\t\t\ttype=\"button\"\n\t\t\taria-haspopup=\"dialog\"\n\t\t\taria-label=\"K\u00e9p nagy\u00edt\u00e1sa\"\n\t\t\tdata-wp-init=\"callbacks.initTriggerButton\"\n\t\t\tdata-wp-on--click=\"actions.showLightbox\"\n\t\t\tdata-wp-style--right=\"context.imageButtonRight\"\n\t\t\tdata-wp-style--top=\"context.imageButtonTop\"\n\t\t>\n\t\t\t<svg xmlns=\"http:\/\/www.w3.org\/2000\/svg\" width=\"12\" height=\"12\" fill=\"none\" viewBox=\"0 0 12 12\">\n\t\t\t\t<path fill=\"#fff\" d=\"M2 0a2 2 0 0 0-2 2v2h1.5V2a.5.5 0 0 1 .5-.5h2V0H2Zm2 10.5H2a.5.5 0 0 1-.5-.5V8H0v2a2 2 0 0 0 2 2h2v-1.5ZM8 12v-1.5h2a.5.5 0 0 0 .5-.5V8H12v2a2 2 0 0 1-2 2H8Zm2-12a2 2 0 0 1 2 2v2h-1.5V2a.5.5 0 0 0-.5-.5H8V0h2Z\" \/>\n\t\t\t<\/svg>\n\t\t<\/button><\/figure>\r\n\r\n\r\n\r\n<figure data-wp-context=\"{&quot;uploadedSrc&quot;:&quot;https:\\\/\\\/purpleliner.hu\\\/wp-content\\\/uploads\\\/2024\\\/02\\\/budapesti-hajozas-1.jpg&quot;,&quot;figureClassNames&quot;:&quot;wp-block-image size-full&quot;,&quot;figureStyles&quot;:null,&quot;imgClassNames&quot;:&quot;wp-image-15094&quot;,&quot;imgStyles&quot;:null,&quot;targetWidth&quot;:1000,&quot;targetHeight&quot;:666,&quot;scaleAttr&quot;:false,&quot;ariaLabel&quot;:&quot;K\\u00e9p nagy\\u00edt\\u00e1sa&quot;,&quot;alt&quot;:&quot;&quot;}\" data-wp-interactive=\"core\/image\" class=\"wp-block-image size-full wp-lightbox-container\"><img decoding=\"async\" width=\"1000\" height=\"666\" loading=\"lazy\" data-wp-init=\"callbacks.setButtonStyles\" data-wp-on--click=\"actions.showLightbox\" data-wp-on--load=\"callbacks.setButtonStyles\" data-wp-on-window--resize=\"callbacks.setButtonStyles\" data-id=\"15094\" class=\"wp-image-15094\" src=\"https:\/\/purpleliner.hu\/wp-content\/uploads\/2024\/02\/budapesti-hajozas-1.jpg\" alt=\"\" srcset=\"https:\/\/purpleliner.hu\/wp-content\/uploads\/2024\/02\/budapesti-hajozas-1.jpg 1000w, https:\/\/purpleliner.hu\/wp-content\/uploads\/2024\/02\/budapesti-hajozas-1-300x200.jpg 300w, https:\/\/purpleliner.hu\/wp-content\/uploads\/2024\/02\/budapesti-hajozas-1-720x480.jpg 720w, https:\/\/purpleliner.hu\/wp-content\/uploads\/2024\/02\/budapesti-hajozas-1-600x400.jpg 600w\" sizes=\"(max-width: 1000px) 100vw, 1000px\" \/><button\n\t\t\tclass=\"lightbox-trigger\"\n\t\t\ttype=\"button\"\n\t\t\taria-haspopup=\"dialog\"\n\t\t\taria-label=\"K\u00e9p nagy\u00edt\u00e1sa\"\n\t\t\tdata-wp-init=\"callbacks.initTriggerButton\"\n\t\t\tdata-wp-on--click=\"actions.showLightbox\"\n\t\t\tdata-wp-style--right=\"context.imageButtonRight\"\n\t\t\tdata-wp-style--top=\"context.imageButtonTop\"\n\t\t>\n\t\t\t<svg xmlns=\"http:\/\/www.w3.org\/2000\/svg\" width=\"12\" height=\"12\" fill=\"none\" viewBox=\"0 0 12 12\">\n\t\t\t\t<path fill=\"#fff\" d=\"M2 0a2 2 0 0 0-2 2v2h1.5V2a.5.5 0 0 1 .5-.5h2V0H2Zm2 10.5H2a.5.5 0 0 1-.5-.5V8H0v2a2 2 0 0 0 2 2h2v-1.5ZM8 12v-1.5h2a.5.5 0 0 0 .5-.5V8H12v2a2 2 0 0 1-2 2H8Zm2-12a2 2 0 0 1 2 2v2h-1.5V2a.5.5 0 0 0-.5-.5H8V0h2Z\" \/>\n\t\t\t<\/svg>\n\t\t<\/button><\/figure>\r\n<\/figure>\r\n\r\n<p><style>\r\n.intro-paragraph {\r\n    background-color: #f4e9ff; \/* Light lavender to highlight the intro *\/\r\n    padding: 20px;\r\n    margin-bottom: 20px;\r\n    border-radius: 8px;\r\n    border: 1px solid #d6cde3; \/* Subtle purple border *\/\r\n    box-shadow: 0 2px 6px rgba(0, 0, 0, 0.08); \/* Light shadow *\/\r\n}\r\n\r\n.timetable-section, .inclusions-section, .drink-selection-section {\r\n    background-color: #f9f9f9;\r\n    padding: 20px;\r\n    margin-bottom: 20px;\r\n    border-radius: 8px;\r\n    border: 1px solid #e0e0e0;\r\n    box-shadow: 0 2px 6px rgba(0, 0, 0, 0.08);\r\n}\r\n\r\n.timetable-section, .inclusions-section {\r\n    padding-left: 30px; \/* Add extra space on the left side *\/\r\n}\r\n\r\n.timetable-section ul li, .inclusions-section ul li {\r\n    padding-left: 20px; \/* Add padding to the left of list items *\/\r\n}\r\n\r\n.timetable-section h2, .inclusions-section h2, .drink-selection-section h2 {\r\n    font-size: 20px;\r\n    color: #4c2a7c;\r\n    margin-bottom: 15px;\r\n    text-transform: uppercase;\r\n    border-bottom: 2px solid #d1c4e9;\r\n    padding-bottom: 5px;\r\n}\r\n\r\n\r\n.timetable-section ul, .inclusions-section ul, .drink-selection-section ul {\r\n    list-style-type: none;\r\n    padding: 0;\r\n    margin: 0;\r\n}\r\n\r\n.timetable-section ul li, .inclusions-section ul li, .drink-selection-section ul li {\r\n    font-size: 16px;\r\n    line-height: 1.6;\r\n    margin-bottom: 10px;\r\n}\r\n\r\n\r\n.timetable-section ul li strong, .drink-selection-section ul li strong {\r\n    color: #4c2a7c;\r\n    font-weight: bold;\r\n}\r\n\r\n.drink-selection-section ul ul {\r\n    padding-left: 20px;\r\n    margin-top: 5px;\r\n}\r\n\r\n.drink-selection-section ul ul li {\r\n    font-size: 15px;\r\n    line-height: 1.4;\r\n    margin-bottom: 5px;\r\n}\r\n\r\n.timetable-section:hover, .inclusions-section:hover, .drink-selection-section:hover, .intro-paragraph:hover {\r\n    background-color: #ffffff;\r\n    box-shadow: 0 4px 10px rgba(0, 0, 0, 0.1);\r\n    transition: all 0.3s ease-in-out;\r\n}\r\n\r\nh1 {\r\n    font-size: 2em !important; \/* Further reduced for a cleaner, balanced look *\/\r\n    line-height: 1.4 !important; \/* Maintain ample line spacing *\/\r\n    margin-bottom: 30px !important; \/* Extra space below the heading *\/\r\n    margin-left: 10px !important; \/* Subtle indentation for better alignment *\/\r\n    word-break: break-word; \/* Prevents long words from overflowing *\/\r\n}\r\n\r\n@media screen and (max-width: 768px) {\r\n    h1 {\r\n        font-size: 1.8em; \/* Smaller size for compact screens *\/\r\n        line-height: 1.5; \/* Increased spacing for multi-line text *\/\r\n        text-align: center; \/* Center-align on mobile for better visual balance *\/\r\n        margin-left: 0; \/* Remove left margin for mobile *\/\r\n        padding: 5px; \/* Optional padding for spacing around text *\/\r\n    }\r\n}\r\n<\/style><\/p>","protected":false},"excerpt":{"rendered":"<p>\u00dcnnepeld az \u00daj \u00c9vet egy felejthetetlen este a v\u00edzen! \ud83c\udf1f Sz\u00e1llj fel eleg\u00e1ns haj\u00f3nkra, \u00e9s \u00e9lvezd Budapest leny\u0171g\u00f6z\u0151, kivil\u00e1g\u00edtott nevezetess\u00e9geit, mik\u00f6zben egy v\u00e1laszthat\u00f3 italt kortyolgatsz. Legyen sz\u00f3 szeretteidr\u0151l, bar\u00e1tokr\u00f3l, vagy ak\u00e1r egy var\u00e1zslatos egyed\u00fcl\u00e1ll\u00f3 \u00e9lm\u00e9nyr\u0151l, ez a var\u00e1zslatos szilveszteri utaz\u00e1s a t\u00f6k\u00e9letes kever\u00e9ke az \u00fcnnepl\u00e9snek \u00e9s a pihen\u00e9snek. Emeld poharad, \u00e9lvezd a zen\u00e9t, \u00e9s hagyd, [&hellip;]<\/p>\n","protected":false},"featured_media":23718,"comment_status":"closed","ping_status":"closed","template":"","meta":{"disable_template_blocks":false},"product_cat":[43],"product_tag":[],"yoast_head":"<!-- This site is optimized with the Yoast SEO plugin v24.0 - https:\/\/yoast.com\/wordpress\/plugins\/seo\/ -->\n<title>Szilveszteri v\u00e1rosn\u00e9z\u0151 haj\u00f3k\u00e1z\u00e1s 1 itallal - Purpleliner<\/title>\n<meta name=\"robots\" content=\"index, follow, max-snippet:-1, max-image-preview:large, max-video-preview:-1\" \/>\n<link rel=\"canonical\" href=\"https:\/\/purpleliner.hu\/hu\/termek\/szilveszteri-varosnezo-hajokazas-1-itallal\/\" \/>\n<meta property=\"og:locale\" content=\"hu_HU\" \/>\n<meta property=\"og:type\" content=\"article\" \/>\n<meta property=\"og:title\" content=\"Szilveszteri v\u00e1rosn\u00e9z\u0151 haj\u00f3k\u00e1z\u00e1s 1 itallal - Purpleliner\" \/>\n<meta property=\"og:description\" content=\"\u00dcnnepeld az \u00daj \u00c9vet egy felejthetetlen este a v\u00edzen! \ud83c\udf1f Sz\u00e1llj fel eleg\u00e1ns haj\u00f3nkra, \u00e9s \u00e9lvezd Budapest leny\u0171g\u00f6z\u0151, kivil\u00e1g\u00edtott nevezetess\u00e9geit, mik\u00f6zben egy v\u00e1laszthat\u00f3 italt kortyolgatsz. Legyen sz\u00f3 szeretteidr\u0151l, bar\u00e1tokr\u00f3l, vagy ak\u00e1r egy var\u00e1zslatos egyed\u00fcl\u00e1ll\u00f3 \u00e9lm\u00e9nyr\u0151l, ez a var\u00e1zslatos szilveszteri utaz\u00e1s a t\u00f6k\u00e9letes kever\u00e9ke az \u00fcnnepl\u00e9snek \u00e9s a pihen\u00e9snek. Emeld poharad, \u00e9lvezd a zen\u00e9t, \u00e9s hagyd, [&hellip;]\" \/>\n<meta property=\"og:url\" content=\"https:\/\/purpleliner.hu\/hu\/termek\/szilveszteri-varosnezo-hajokazas-1-itallal\/\" \/>\n<meta property=\"og:site_name\" content=\"Purpleliner\" \/>\n<meta property=\"article:publisher\" content=\"https:\/\/www.facebook.com\/purpleliner\" \/>\n<meta property=\"article:modified_time\" content=\"2026-02-16T09:32:48+00:00\" \/>\n<meta property=\"og:image\" content=\"https:\/\/purpleliner.hu\/wp-content\/uploads\/2025\/04\/budapest-evening-cruise-2.jpg\" \/>\n\t<meta property=\"og:image:width\" content=\"1200\" \/>\n\t<meta property=\"og:image:height\" content=\"800\" \/>\n\t<meta property=\"og:image:type\" content=\"image\/jpeg\" \/>\n<meta name=\"twitter:card\" content=\"summary_large_image\" \/>\n<meta name=\"twitter:label1\" content=\"Becs\u00fclt olvas\u00e1si id\u0151\" \/>\n\t<meta name=\"twitter:data1\" content=\"2 perc\" \/>\n<script type=\"application\/ld+json\" class=\"yoast-schema-graph\">{\"@context\":\"https:\/\/schema.org\",\"@graph\":[{\"@type\":\"WebPage\",\"@id\":\"https:\/\/purpleliner.hu\/hu\/termek\/szilveszteri-varosnezo-hajokazas-1-itallal\/\",\"url\":\"https:\/\/purpleliner.hu\/hu\/termek\/szilveszteri-varosnezo-hajokazas-1-itallal\/\",\"name\":\"Szilveszteri v\u00e1rosn\u00e9z\u0151 haj\u00f3k\u00e1z\u00e1s 1 itallal - Purpleliner\",\"isPartOf\":{\"@id\":\"https:\/\/purpleliner.hu\/hu\/#website\"},\"primaryImageOfPage\":{\"@id\":\"https:\/\/purpleliner.hu\/hu\/termek\/szilveszteri-varosnezo-hajokazas-1-itallal\/#primaryimage\"},\"image\":{\"@id\":\"https:\/\/purpleliner.hu\/hu\/termek\/szilveszteri-varosnezo-hajokazas-1-itallal\/#primaryimage\"},\"thumbnailUrl\":\"https:\/\/purpleliner.hu\/wp-content\/uploads\/2025\/04\/budapest-evening-cruise-2.jpg\",\"datePublished\":\"2024-11-20T11:49:01+00:00\",\"dateModified\":\"2026-02-16T09:32:48+00:00\",\"breadcrumb\":{\"@id\":\"https:\/\/purpleliner.hu\/hu\/termek\/szilveszteri-varosnezo-hajokazas-1-itallal\/#breadcrumb\"},\"inLanguage\":\"hu\",\"potentialAction\":[{\"@type\":\"ReadAction\",\"target\":[\"https:\/\/purpleliner.hu\/hu\/termek\/szilveszteri-varosnezo-hajokazas-1-itallal\/\"]}]},{\"@type\":\"ImageObject\",\"inLanguage\":\"hu\",\"@id\":\"https:\/\/purpleliner.hu\/hu\/termek\/szilveszteri-varosnezo-hajokazas-1-itallal\/#primaryimage\",\"url\":\"https:\/\/purpleliner.hu\/wp-content\/uploads\/2025\/04\/budapest-evening-cruise-2.jpg\",\"contentUrl\":\"https:\/\/purpleliner.hu\/wp-content\/uploads\/2025\/04\/budapest-evening-cruise-2.jpg\",\"width\":1200,\"height\":800,\"caption\":\"budapest evening cruise\"},{\"@type\":\"BreadcrumbList\",\"@id\":\"https:\/\/purpleliner.hu\/hu\/termek\/szilveszteri-varosnezo-hajokazas-1-itallal\/#breadcrumb\",\"itemListElement\":[{\"@type\":\"ListItem\",\"position\":1,\"name\":\"Home\",\"item\":\"https:\/\/purpleliner.hu\/hu\/\"},{\"@type\":\"ListItem\",\"position\":2,\"name\":\"Szilveszteri v\u00e1rosn\u00e9z\u0151 haj\u00f3k\u00e1z\u00e1s 1 itallal\"}]},{\"@type\":\"WebSite\",\"@id\":\"https:\/\/purpleliner.hu\/hu\/#website\",\"url\":\"https:\/\/purpleliner.hu\/hu\/\",\"name\":\"Purpleliner Cruises Budapest\",\"description\":\"Your Sightseeing Cruises at Budapest\",\"publisher\":{\"@id\":\"https:\/\/purpleliner.hu\/hu\/#organization\"},\"potentialAction\":[{\"@type\":\"SearchAction\",\"target\":{\"@type\":\"EntryPoint\",\"urlTemplate\":\"https:\/\/purpleliner.hu\/hu\/?s={search_term_string}\"},\"query-input\":{\"@type\":\"PropertyValueSpecification\",\"valueRequired\":true,\"valueName\":\"search_term_string\"}}],\"inLanguage\":\"hu\"},{\"@type\":\"Organization\",\"@id\":\"https:\/\/purpleliner.hu\/hu\/#organization\",\"name\":\"Purpleliner\",\"url\":\"https:\/\/purpleliner.hu\/hu\/\",\"logo\":{\"@type\":\"ImageObject\",\"inLanguage\":\"hu\",\"@id\":\"https:\/\/purpleliner.hu\/hu\/#\/schema\/logo\/image\/\",\"url\":\"https:\/\/purpleliner.hu\/wp-content\/uploads\/2023\/12\/letoltes-svg.png\",\"contentUrl\":\"https:\/\/purpleliner.hu\/wp-content\/uploads\/2023\/12\/letoltes-svg.png\",\"width\":451,\"height\":451,\"caption\":\"Purpleliner\"},\"image\":{\"@id\":\"https:\/\/purpleliner.hu\/hu\/#\/schema\/logo\/image\/\"},\"sameAs\":[\"https:\/\/www.facebook.com\/purpleliner\"]}]}<\/script>\n<!-- \/ Yoast SEO plugin. -->","yoast_head_json":{"title":"Szilveszteri v\u00e1rosn\u00e9z\u0151 haj\u00f3k\u00e1z\u00e1s 1 itallal - Purpleliner","robots":{"index":"index","follow":"follow","max-snippet":"max-snippet:-1","max-image-preview":"max-image-preview:large","max-video-preview":"max-video-preview:-1"},"canonical":"https:\/\/purpleliner.hu\/hu\/termek\/szilveszteri-varosnezo-hajokazas-1-itallal\/","og_locale":"hu_HU","og_type":"article","og_title":"Szilveszteri v\u00e1rosn\u00e9z\u0151 haj\u00f3k\u00e1z\u00e1s 1 itallal - Purpleliner","og_description":"\u00dcnnepeld az \u00daj \u00c9vet egy felejthetetlen este a v\u00edzen! \ud83c\udf1f Sz\u00e1llj fel eleg\u00e1ns haj\u00f3nkra, \u00e9s \u00e9lvezd Budapest leny\u0171g\u00f6z\u0151, kivil\u00e1g\u00edtott nevezetess\u00e9geit, mik\u00f6zben egy v\u00e1laszthat\u00f3 italt kortyolgatsz. Legyen sz\u00f3 szeretteidr\u0151l, bar\u00e1tokr\u00f3l, vagy ak\u00e1r egy var\u00e1zslatos egyed\u00fcl\u00e1ll\u00f3 \u00e9lm\u00e9nyr\u0151l, ez a var\u00e1zslatos szilveszteri utaz\u00e1s a t\u00f6k\u00e9letes kever\u00e9ke az \u00fcnnepl\u00e9snek \u00e9s a pihen\u00e9snek. Emeld poharad, \u00e9lvezd a zen\u00e9t, \u00e9s hagyd, [&hellip;]","og_url":"https:\/\/purpleliner.hu\/hu\/termek\/szilveszteri-varosnezo-hajokazas-1-itallal\/","og_site_name":"Purpleliner","article_publisher":"https:\/\/www.facebook.com\/purpleliner","article_modified_time":"2026-02-16T09:32:48+00:00","og_image":[{"width":1200,"height":800,"url":"https:\/\/purpleliner.hu\/wp-content\/uploads\/2025\/04\/budapest-evening-cruise-2.jpg","type":"image\/jpeg"}],"twitter_card":"summary_large_image","twitter_misc":{"Becs\u00fclt olvas\u00e1si id\u0151":"2 perc"},"schema":{"@context":"https:\/\/schema.org","@graph":[{"@type":"WebPage","@id":"https:\/\/purpleliner.hu\/hu\/termek\/szilveszteri-varosnezo-hajokazas-1-itallal\/","url":"https:\/\/purpleliner.hu\/hu\/termek\/szilveszteri-varosnezo-hajokazas-1-itallal\/","name":"Szilveszteri v\u00e1rosn\u00e9z\u0151 haj\u00f3k\u00e1z\u00e1s 1 itallal - Purpleliner","isPartOf":{"@id":"https:\/\/purpleliner.hu\/hu\/#website"},"primaryImageOfPage":{"@id":"https:\/\/purpleliner.hu\/hu\/termek\/szilveszteri-varosnezo-hajokazas-1-itallal\/#primaryimage"},"image":{"@id":"https:\/\/purpleliner.hu\/hu\/termek\/szilveszteri-varosnezo-hajokazas-1-itallal\/#primaryimage"},"thumbnailUrl":"https:\/\/purpleliner.hu\/wp-content\/uploads\/2025\/04\/budapest-evening-cruise-2.jpg","datePublished":"2024-11-20T11:49:01+00:00","dateModified":"2026-02-16T09:32:48+00:00","breadcrumb":{"@id":"https:\/\/purpleliner.hu\/hu\/termek\/szilveszteri-varosnezo-hajokazas-1-itallal\/#breadcrumb"},"inLanguage":"hu","potentialAction":[{"@type":"ReadAction","target":["https:\/\/purpleliner.hu\/hu\/termek\/szilveszteri-varosnezo-hajokazas-1-itallal\/"]}]},{"@type":"ImageObject","inLanguage":"hu","@id":"https:\/\/purpleliner.hu\/hu\/termek\/szilveszteri-varosnezo-hajokazas-1-itallal\/#primaryimage","url":"https:\/\/purpleliner.hu\/wp-content\/uploads\/2025\/04\/budapest-evening-cruise-2.jpg","contentUrl":"https:\/\/purpleliner.hu\/wp-content\/uploads\/2025\/04\/budapest-evening-cruise-2.jpg","width":1200,"height":800,"caption":"budapest evening cruise"},{"@type":"BreadcrumbList","@id":"https:\/\/purpleliner.hu\/hu\/termek\/szilveszteri-varosnezo-hajokazas-1-itallal\/#breadcrumb","itemListElement":[{"@type":"ListItem","position":1,"name":"Home","item":"https:\/\/purpleliner.hu\/hu\/"},{"@type":"ListItem","position":2,"name":"Szilveszteri v\u00e1rosn\u00e9z\u0151 haj\u00f3k\u00e1z\u00e1s 1 itallal"}]},{"@type":"WebSite","@id":"https:\/\/purpleliner.hu\/hu\/#website","url":"https:\/\/purpleliner.hu\/hu\/","name":"Purpleliner Cruises Budapest","description":"Your Sightseeing Cruises at Budapest","publisher":{"@id":"https:\/\/purpleliner.hu\/hu\/#organization"},"potentialAction":[{"@type":"SearchAction","target":{"@type":"EntryPoint","urlTemplate":"https:\/\/purpleliner.hu\/hu\/?s={search_term_string}"},"query-input":{"@type":"PropertyValueSpecification","valueRequired":true,"valueName":"search_term_string"}}],"inLanguage":"hu"},{"@type":"Organization","@id":"https:\/\/purpleliner.hu\/hu\/#organization","name":"Purpleliner","url":"https:\/\/purpleliner.hu\/hu\/","logo":{"@type":"ImageObject","inLanguage":"hu","@id":"https:\/\/purpleliner.hu\/hu\/#\/schema\/logo\/image\/","url":"https:\/\/purpleliner.hu\/wp-content\/uploads\/2023\/12\/letoltes-svg.png","contentUrl":"https:\/\/purpleliner.hu\/wp-content\/uploads\/2023\/12\/letoltes-svg.png","width":451,"height":451,"caption":"Purpleliner"},"image":{"@id":"https:\/\/purpleliner.hu\/hu\/#\/schema\/logo\/image\/"},"sameAs":["https:\/\/www.facebook.com\/purpleliner"]}]}},"_links":{"self":[{"href":"https:\/\/purpleliner.hu\/hu\/wp-json\/wp\/v2\/product\/16331"}],"collection":[{"href":"https:\/\/purpleliner.hu\/hu\/wp-json\/wp\/v2\/product"}],"about":[{"href":"https:\/\/purpleliner.hu\/hu\/wp-json\/wp\/v2\/types\/product"}],"replies":[{"embeddable":true,"href":"https:\/\/purpleliner.hu\/hu\/wp-json\/wp\/v2\/comments?post=16331"}],"wp:featuredmedia":[{"embeddable":true,"href":"https:\/\/purpleliner.hu\/hu\/wp-json\/wp\/v2\/media\/23718"}],"wp:attachment":[{"href":"https:\/\/purpleliner.hu\/hu\/wp-json\/wp\/v2\/media?parent=16331"}],"wp:term":[{"taxonomy":"product_cat","embeddable":true,"href":"https:\/\/purpleliner.hu\/hu\/wp-json\/wp\/v2\/product_cat?post=16331"},{"taxonomy":"product_tag","embeddable":true,"href":"https:\/\/purpleliner.hu\/hu\/wp-json\/wp\/v2\/product_tag?post=16331"}],"curies":[{"name":"wp","href":"https:\/\/api.w.org\/{rel}","templated":true}]}}