{"id":40986,"date":"2025-11-14T12:25:19","date_gmt":"2025-11-14T11:25:19","guid":{"rendered":"https:\/\/purpleliner.hu\/?post_type=product&#038;p=40986"},"modified":"2025-12-23T11:34:12","modified_gmt":"2025-12-23T10:34:12","slug":"karacsonyi-vasar-hajo","status":"publish","type":"product","link":"https:\/\/purpleliner.hu\/hu\/termek\/karacsonyi-vasar-hajo\/","title":{"rendered":"\ud83c\udf84Kar\u00e1csonyi V\u00e1s\u00e1r Haj\u00f3"},"content":{"rendered":"\n<p class=\"has-white-color has-text-color has-link-color wp-elements-531d924d303870ba61ecf8a7394902d2\" style=\"padding-top:var(--wp--preset--spacing--60);padding-right:var(--wp--preset--spacing--60);padding-bottom:var(--wp--preset--spacing--60);padding-left:var(--wp--preset--spacing--60)\">L\u00e9pj be az \u00fcnnepi szezonba egy hangulatos csavarral: itt a <strong>Kar\u00e1csonyi V\u00e1s\u00e1r Haj\u00f3<\/strong>, a Purpleliner Budapest \u00fcnnepi haj\u00f3ja fed\u00e9lzet\u00e9n. N\u00e1lunk a kar\u00e1csony szelleme sz\u00f3 szerint veletek haj\u00f3zik \u2013 felejtsd el a t\u00f6m\u00f6tt utc\u00e1kon val\u00f3 tolong\u00e1st \u00e9s a sorban \u00e1ll\u00e1st.<br><br>L\u00e9pj a Zinuru nev\u0171 haj\u00f3nk fed\u00e9lzet\u00e9re, \u00e9s vegy\u00e9l r\u00e9szt a var\u00e1zslatos <strong>Kar\u00e1csonyi V\u00e1s\u00e1r Haj\u00f3\u00fatunkon<\/strong>. \u00d6tv\u00f6zze a v\u00e1rosn\u00e9z\u00e9st Budapest legfontosabb l\u00e1tnival\u00f3ival \u00e9s az \u00fcnnepi v\u00e1s\u00e1rok vid\u00e1m hangulat\u00e1val. K\u00e9pzeld el, hogy egy b\u00e1jos kar\u00e1csonyi v\u00e1s\u00e1rban s\u00e9t\u00e1lsz, de a macskak\u00f6vek \u00e9s a zs\u00fafolt terek helyett Budapest csillog\u00f3 f\u00e9nyei \u00fasznak el melletted, mik\u00f6zben a Dun\u00e1n siklasz a v\u00e1ros l\u00e1tv\u00e1nyoss\u00e1gaiban gy\u00f6ny\u00f6rk\u00f6dve.<br><\/p>\n\n\n\n<figure class=\"wp-block-gallery has-nested-images columns-default is-cropped wp-block-gallery-1 is-layout-flex wp-block-gallery-is-layout-flex\">\n<figure class=\"wp-block-image size-large\"><a href=\"https:\/\/purpleliner.hu\/wp-content\/uploads\/2025\/11\/Christmas-market-cruise-6-1024x682.jpg\" target=\"_blank\" rel=\"noopener\"><img decoding=\"async\" width=\"1024\" height=\"682\" loading=\"lazy\" data-id=\"40967\" src=\"https:\/\/purpleliner.hu\/wp-content\/uploads\/2025\/11\/Christmas-market-cruise-6-1024x682.jpg\" alt=\"\" class=\"wp-image-40967\" srcset=\"https:\/\/purpleliner.hu\/wp-content\/uploads\/2025\/11\/Christmas-market-cruise-6-1024x682.jpg 1024w, https:\/\/purpleliner.hu\/wp-content\/uploads\/2025\/11\/Christmas-market-cruise-6-300x200.jpg 300w, https:\/\/purpleliner.hu\/wp-content\/uploads\/2025\/11\/Christmas-market-cruise-6-720x480.jpg 720w, https:\/\/purpleliner.hu\/wp-content\/uploads\/2025\/11\/Christmas-market-cruise-6-600x400.jpg 600w, https:\/\/purpleliner.hu\/wp-content\/uploads\/2025\/11\/Christmas-market-cruise-6.jpg 1200w\" sizes=\"(max-width: 1024px) 100vw, 1024px\" \/><\/a><\/figure>\n\n\n\n<figure class=\"wp-block-image size-large is-style-default\"><a href=\"https:\/\/purpleliner.hu\/wp-content\/uploads\/2025\/11\/Christmas-market-cruise-1-1024x683.jpg\" target=\"_blank\" rel=\"noopener\"><img decoding=\"async\" width=\"1024\" height=\"683\" loading=\"lazy\" data-id=\"40955\" src=\"https:\/\/purpleliner.hu\/wp-content\/uploads\/2025\/11\/Christmas-market-cruise-1-1024x683.jpg\" alt=\"\" class=\"wp-image-40955\" srcset=\"https:\/\/purpleliner.hu\/wp-content\/uploads\/2025\/11\/Christmas-market-cruise-1-1024x683.jpg 1024w, https:\/\/purpleliner.hu\/wp-content\/uploads\/2025\/11\/Christmas-market-cruise-1-300x200.jpg 300w, https:\/\/purpleliner.hu\/wp-content\/uploads\/2025\/11\/Christmas-market-cruise-1-720x480.jpg 720w, https:\/\/purpleliner.hu\/wp-content\/uploads\/2025\/11\/Christmas-market-cruise-1-600x400.jpg 600w, https:\/\/purpleliner.hu\/wp-content\/uploads\/2025\/11\/Christmas-market-cruise-1.jpg 1200w\" sizes=\"(max-width: 1024px) 100vw, 1024px\" \/><\/a><\/figure>\n\n\n\n<figure class=\"wp-block-image size-large\"><a href=\"https:\/\/purpleliner.hu\/wp-content\/uploads\/2025\/11\/Christmas-market-cruise-3-683x1024.jpg\" target=\"_blank\" rel=\"noopener\"><img decoding=\"async\" width=\"683\" height=\"1024\" loading=\"lazy\" data-id=\"40961\" src=\"https:\/\/purpleliner.hu\/wp-content\/uploads\/2025\/11\/Christmas-market-cruise-3-683x1024.jpg\" alt=\"\" class=\"wp-image-40961\" srcset=\"https:\/\/purpleliner.hu\/wp-content\/uploads\/2025\/11\/Christmas-market-cruise-3-683x1024.jpg 683w, https:\/\/purpleliner.hu\/wp-content\/uploads\/2025\/11\/Christmas-market-cruise-3-200x300.jpg 200w, https:\/\/purpleliner.hu\/wp-content\/uploads\/2025\/11\/Christmas-market-cruise-3-600x900.jpg 600w, https:\/\/purpleliner.hu\/wp-content\/uploads\/2025\/11\/Christmas-market-cruise-3.jpg 1200w\" sizes=\"(max-width: 683px) 100vw, 683px\" \/><\/a><\/figure>\n\n\n\n<figure class=\"wp-block-image size-large\"><a href=\"https:\/\/purpleliner.hu\/wp-content\/uploads\/2025\/11\/Christmas-market-cruise-5-683x1024.jpg\" target=\"_blank\" rel=\"noopener\"><img decoding=\"async\" width=\"683\" height=\"1024\" loading=\"lazy\" data-id=\"40965\" src=\"https:\/\/purpleliner.hu\/wp-content\/uploads\/2025\/11\/Christmas-market-cruise-5-683x1024.jpg\" alt=\"\" class=\"wp-image-40965\" srcset=\"https:\/\/purpleliner.hu\/wp-content\/uploads\/2025\/11\/Christmas-market-cruise-5-683x1024.jpg 683w, https:\/\/purpleliner.hu\/wp-content\/uploads\/2025\/11\/Christmas-market-cruise-5-200x300.jpg 200w, https:\/\/purpleliner.hu\/wp-content\/uploads\/2025\/11\/Christmas-market-cruise-5-600x900.jpg 600w, https:\/\/purpleliner.hu\/wp-content\/uploads\/2025\/11\/Christmas-market-cruise-5.jpg 1200w\" sizes=\"(max-width: 683px) 100vw, 683px\" \/><\/a><\/figure>\n\n\n\n<figure class=\"wp-block-image size-large\"><a href=\"https:\/\/purpleliner.hu\/wp-content\/uploads\/2025\/11\/Christmas-market-cruise-2-683x1024.jpeg\" target=\"_blank\" rel=\"noopener\"><img decoding=\"async\" width=\"683\" height=\"1024\" loading=\"lazy\" data-id=\"40957\" src=\"https:\/\/purpleliner.hu\/wp-content\/uploads\/2025\/11\/Christmas-market-cruise-2-683x1024.jpeg\" alt=\"\" class=\"wp-image-40957\" srcset=\"https:\/\/purpleliner.hu\/wp-content\/uploads\/2025\/11\/Christmas-market-cruise-2-683x1024.jpeg 683w, https:\/\/purpleliner.hu\/wp-content\/uploads\/2025\/11\/Christmas-market-cruise-2-200x300.jpeg 200w, https:\/\/purpleliner.hu\/wp-content\/uploads\/2025\/11\/Christmas-market-cruise-2-600x900.jpeg 600w, https:\/\/purpleliner.hu\/wp-content\/uploads\/2025\/11\/Christmas-market-cruise-2.jpeg 1200w\" sizes=\"(max-width: 683px) 100vw, 683px\" \/><\/a><\/figure>\n<\/figure>\n\n\n\n<p style=\"text-align: center; border-bottom: 2px solid white;margin-top:80px;margin-bottom:0px;\"><span style=\"font-family: Great Vibes; color: #ffffff; font-size: 50px;\">Indul\u00e1si id\u0151k<\/span><br>\n<span style=\"color: #ffffff;\">Id\u0151tartam: 60 perc<\/span><\/p>\n\n\n<div class=\"wp-block-image\">\n<figure class=\"aligncenter size-full\"><img decoding=\"async\" width=\"932\" height=\"301\" loading=\"lazy\" src=\"https:\/\/purpleliner.hu\/wp-content\/uploads\/2025\/11\/departure.png\" alt=\"\" class=\"wp-image-40971\" srcset=\"https:\/\/purpleliner.hu\/wp-content\/uploads\/2025\/11\/departure.png 932w, https:\/\/purpleliner.hu\/wp-content\/uploads\/2025\/11\/departure-300x97.png 300w, https:\/\/purpleliner.hu\/wp-content\/uploads\/2025\/11\/departure-600x194.png 600w\" sizes=\"(max-width: 932px) 100vw, 932px\" \/><\/figure><\/div>\n\n\n<div style=\"\n    max-width: 900px;\n    margin: 20px auto;\n    padding: 10px;\n    background-color: transparent;\n    border-radius: 12px;\n    box-shadow: 0 6px 15px rgba(0, 0, 0, 0.1);\n    text-align: center;\n\">\n\n    <!-- Feature Grid Container (2x2) -->\n    <div style=\"\n        display: flex;\n        flex-wrap: wrap;\n        gap: 15px; \/* Spacing between boxes *\/\n        justify-content: center;\n    \">\n        \n        <!-- Feature 1: Drink -->\n        <div style=\"\n            flex: 1 1 calc(50% - 15px); \/* 2 items per row on large screens *\/\n            padding: 15px;\n            background-color: #efdad8;\n            border: 1px solid #e0e0e0;\n            border-radius: 8px;\n            transition: transform 0.3s ease;\n            min-width: 250px;\n        \">\n            <img decoding=\"async\" loading=\"lazy\" style=\"height:100px;\" src=\"https:\/\/silver-line.hu\/wp-content\/uploads\/2025\/11\/cup.png\">\n            <h4 style=\"color: #004d40; margin: 5px 0 8px 0; font-size: 1.1em; font-weight: 600;\">Aj\u00e1nd\u00e9k Ital<\/h4>\n            <p style=\"font-size: 0.9em; color: #555; line-height: 1.4;\">\n                Egy cs\u00e9sze forralt bor vagy forr\u00f3 ital, hogy melegen tartsa \u00d6nt a n\u00e9zel\u0151d\u00e9s k\u00f6zben. \n            <\/p>\n        <\/div>\n\n        <!-- Feature 2: Onboard Market -->\n        <div style=\"\n            flex: 1 1 calc(50% - 15px);\n            padding: 15px;\n            background-color: #efdad8;\n            border: 1px solid #e0e0e0;\n            border-radius: 8px;\n            transition: transform 0.3s ease;\n            min-width: 250px;\n        \">\n            \n            <img decoding=\"async\" loading=\"lazy\" style=\"height:100px;\" src=\"https:\/\/silver-line.hu\/wp-content\/uploads\/2025\/11\/market-1.png\">\n            <h4 style=\"color: #004d40; margin: 5px 0 8px 0; font-size: 1.1em; font-weight: 600;\">\u00dasz\u00f3 V\u00e1s\u00e1r<\/h4>\n            <p style=\"font-size: 0.9em; color: #555; line-height: 1.4;\">\n                B\u00f3d\u00e9k egyedi szuven\u00edrekkel, kedves csecsebecs\u00e9kkel \u00e9s meghitt \u00fcnnepi illatokkal.\n            <\/p>\n        <\/div>\n        \n        <!-- Feature 3: Atmosphere -->\n        <div style=\"\n            flex: 1 1 calc(50% - 15px);\n            padding: 15px;\n            background-color: #efdad8;\n            border: 1px solid #e0e0e0;\n            border-radius: 8px;\n            transition: transform 0.3s ease;\n            min-width: 250px;\n        \">\n            <img decoding=\"async\" loading=\"lazy\" style=\"height:100px;\" src=\"https:\/\/silver-line.hu\/wp-content\/uploads\/2025\/11\/decor.png\">\n            <h4 style=\"color: #004d40; margin: 5px 0 8px 0; font-size: 1.1em; font-weight: 600;\">Meghitt Hangulat<\/h4>\n            <p style=\"font-size: 0.9em; color: #555; line-height: 1.4;\">\n                Intim, nyugodt k\u00f6rnyezet gy\u00f6ny\u00f6r\u0171 kar\u00e1csonyi d\u00edsz\u00edt\u00e9ssel.\n            <\/p>\n        <\/div>\n\n        <!-- Feature 4: Scenery -->\n        <div style=\"\n            flex: 1 1 calc(50% - 15px);\n            padding: 15px;\n            background-color: #efdad8;\n            border: 1px solid #e0e0e0;\n            border-radius: 8px;\n            transition: transform 0.3s ease;\n            min-width: 250px;\n        \">\n            <img decoding=\"async\" loading=\"lazy\" style=\"height:100px;\" src=\"https:\/\/silver-line.hu\/wp-content\/uploads\/2025\/11\/view.png\">\n            <h4 style=\"color: #004d40; margin: 5px 0 8px 0; font-size: 1.1em; font-weight: 600;\">Panor\u00e1m\u00e1s Kil\u00e1t\u00e1s<\/h4>\n            <p style=\"font-size: 0.9em; color: #555; line-height: 1.4;\">\n                Felejthetetlen l\u00e1tv\u00e1ny a kivil\u00e1g\u00edtott budapesti sziluettr\u0151l \u00e9s a hidakr\u00f3l a Dun\u00e1r\u00f3l.\n            <\/p>\n        <\/div>\n\n    <\/div>\n<\/div>\n\n\n\n<p style=\"text-align: center; padding: 10px 0px; margin-bottom: 40px;margin-top:60px; border-radius: 10px;\"><span style=\"font-family: Great Vibes; color: #ffffff; font-size: 50px;\">Indul\u00e1s helye<\/span><br>\n<span style=\"font-size: 15px; color: white;\">Dokk 1\/B &#8211; 1011 Budapest Batthy\u00e1ny t\u00e9r<\/span><\/p>\n\n\n<div class=\"wp-block-image\">\n<figure class=\"aligncenter size-full\"><a href=\"https:\/\/www.google.com\/maps\/place\/Purpleliner\/@47.5105886,19.0304913,14z\/data=!4m6!3m5!1s0x4741dd775019ac1f:0xac3db93d9a21921b!8m2!3d47.5058516!4d19.0398453!16s%2Fg%2F11kpp_6__l?entry=tts&amp;g_ep=EgoyMDI1MDUxMy4xIPu8ASoASAFQAw%3D%3D&amp;skid=58180a77-7a9e-4053-9290-335584d23e94\"><img decoding=\"async\" width=\"600\" height=\"230\" loading=\"lazy\" src=\"https:\/\/purpleliner.hu\/wp-content\/uploads\/2025\/11\/Purple_boarding_new.png\" alt=\"\" class=\"wp-image-40974\" srcset=\"https:\/\/purpleliner.hu\/wp-content\/uploads\/2025\/11\/Purple_boarding_new.png 600w, https:\/\/purpleliner.hu\/wp-content\/uploads\/2025\/11\/Purple_boarding_new-300x115.png 300w\" sizes=\"(max-width: 600px) 100vw, 600px\" \/><\/a><\/figure><\/div>\n\n\n<style>body{    background: linear-gradient(to top, #7b231b 0%, #9f2a1f 25%)!important; background-image: url(https:\/\/purpleliner.hu\/wp-content\/uploads\/2025\/11\/bg.jpg) !important;}body #header{    background: #8b1308!important;}#ticker-wrap{  background: #7e241c!important;}.woocommerce-custom-block-summary{background-color:white;}.woocommerce div.product p.price, .woocommerce div.product span.price{display:none;}.site.narrow{width:100%;max-width: 100%;}.g12 .col.d_9{width:100%;}.g12 .col.d_3{display:none;}#footer{margin-top:80px;width: 70%; align-items: center;margin: 0 auto;} h1{font-size:50px!important;}@media screen and (max-width: 992px) {.site-main{margin-top:50px;}}\n<\/style>\n\n<link rel=\"preconnect\" href=\"https:\/\/fonts.googleapis.com\">\n<link rel=\"preconnect\" href=\"https:\/\/fonts.gstatic.com\" crossorigin>\n<link href=\"https:\/\/fonts.googleapis.com\/css2?family=Great+Vibes&#038;display=swap\" rel=\"stylesheet\">\n\n\n\n<p class=\"has-white-color has-text-color has-link-color wp-elements-42c984a2ae2b10d122e1e7b7108d292c\" style=\"padding-top:var(--wp--preset--spacing--60);padding-right:var(--wp--preset--spacing--60);padding-bottom:var(--wp--preset--spacing--60);padding-left:var(--wp--preset--spacing--60)\">A fed\u00e9lzeten egy meghitt kis v\u00e1s\u00e1r fogad, tele <strong>szuven\u00edrekkel, apr\u00f3s\u00e1gokkal, kedves csecsebecs\u00e9kkel<\/strong> \u00e9s a forralt bor melenget\u0151 illat\u00e1val. Minden vend\u00e9get <strong>egy g\u0151z\u00f6lg\u0151 poh\u00e1r forralt borral<\/strong> vagy <strong>egy finom forr\u00f3 te\u00e1val<\/strong> k\u00edn\u00e1lunk az \u00fat sor\u00e1n. A l\u00e1tv\u00e1nyt az emeleten egy hatamas, gy\u00f6ny\u00f6r\u0171en feld\u00edsz\u00edtett kar\u00e1csonyfa teszi teljess\u00e9, amit\u0151l az eg\u00e9sz haj\u00f3 \u00fcnnepi f\u00e9nyben ragyog. Kiv\u00e1ll\u00f3 lehet\u0151s\u00e9get biztos\u00edtva, egy-k\u00e9t remek selfie k\u00e9sz\u00edt\u00e9s\u00e9re, a kivil\u00e1g\u00edtott Budapest b\u00e1rmely l\u00e1tv\u00e1nyoss\u00e1g\u00e1val.<br><br>A sz\u00e1razf\u00f6ldi kar\u00e1csonyi v\u00e1s\u00e1rokkal ellent\u00e9tben n\u00e1lunk a nagy t\u00f6meg okozta kellemtlens\u00e9gek n\u00e9lk\u00fcl \u00e9lvezheti a haj\u00f3utunk. Haj\u00f3nk elegend\u0151 \u00e1ll\u00f3helyet, k\u00e9nyelmes \u00fcl\u0151helyeket, \u00e9s term\u00e9szetesen f\u0171t\u00f6tt tereket \u00e9s modern felszerelts\u00e9get biztos\u00edt \u2013 igen, m\u00e9g rendezett mosd\u00f3kat is, amire minden t\u00e9li v\u00e1ndor titkon v\u00e1gyik ezeken a v\u00e1s\u00e1rokon.<br><br>Felejtsd el a nehezen megk\u00f6zel\u00edthet\u0151, t\u00fal\u00e9rt\u00e9kelt sz\u00e1razf\u00f6ldi v\u00e1s\u00e1rokat, itt az ideje n\u00e9z\u0151pontot v\u00e1ltani!<br><br>\u00d6lt\u00f6zz h\u00e1t melegen, hozzd magaddal \u00fcnnepi hangulatod, \u00e9s hagyd, hogy egy semmihez sem foghat\u00f3 kar\u00e1csonyi utaz\u00e1sra vigy\u00fcnk. Ak\u00e1r egyedi szuven\u00edrt keresel, egy forr\u00f3 italt kortyolgatsz, vagy egyszer\u0171en csak elmer\u00fclsz a var\u00e1zslatos atmoszf\u00e9r\u00e1ban, a Kar\u00e1csonyi V\u00e1s\u00e1r Haj\u00f3 felejthetetlen alkalmat \u00edg\u00e9r az \u00fcnnepi szezon meg\u00fcnnepl\u00e9s\u00e9re.<br><br>Pultunkn\u00e1l egy forr\u00f3 itallal, egy finom forralt borral vagy forr\u00f3 te\u00e1val is megaj\u00e1nd\u00e9kozzuk, amelyet a kezedben tartva kortyolgathatsz, mik\u00f6zben az egyedi kar\u00e1csonyi v\u00e1s\u00e1runkat b\u00f6ng\u00e9szed. T\u00f6k\u00e9letes t\u00e1rs, mik\u00f6zben a fed\u00e9lzeti v\u00e1s\u00e1ri standjaink k\u00f6z\u00f6tt s\u00e9t\u00e1lsz, vagy egyszer\u0171en csak pihensz az emelet\u00fcnk\u00f6n a kil\u00e1t\u00e1sban gy\u00f6ny\u00f6rk\u00f6dve &#8211; a gazdagon feld\u00edsz\u00edtett kar\u00e1csonyf\u00e1nk mellett.<br><br>Pultjainkban szint\u00e9n kaphat\u00f3k, <strong>\u00ednycsikland\u00f3 \u00e9dess\u00e9gek sokas\u00e1ga<\/strong>, valamint egy\u00e9b <strong>s\u00f3s ropogtatni val\u00f3k<\/strong>.<br><br>A hagyom\u00e1nyos sz\u00e1razf\u00f6ldi kar\u00e1csonyi v\u00e1s\u00e1rokkal ellent\u00e9tben mi elegend\u0151 helyet biztos\u00edtunk minden fed\u00e9lzeti szolg\u00e1ltat\u00e1snak, \u00e9s mindenekel\u0151tt egy leny\u0171g\u00f6z\u0151 panor\u00e1m\u00e1s kil\u00e1t\u00e1st az \u00fcnnepi, t\u00e9li f\u00e9nyekbe \u00f6lt\u00f6z\u00f6tt Budapestre.<br><br>Ha a helyi \u00e9telk\u00fcl\u00f6nleges\u00e9gek valamint a ny\u00fczsg\u0151 szabadt\u00e9ri hangulatot keresel, maradj a klasszikus v\u00e1rosi v\u00e1s\u00e1rokn\u00e1l. De ha egy nyugodtabb, meghittebb \u00e9s fest\u0151ibb \u00e9lm\u00e9nyre v\u00e1gysz, a mi haj\u00f3s kar\u00e1csonyi v\u00e1s\u00e1runk a v\u00edzre hozza az \u00fcnnep var\u00e1zs\u00e1t \u2013 limit\u00e1lt utassz\u00e1mmal, fed\u00e9lzeti k\u00e9nyelemmel \u00e9s felejthetetlen kil\u00e1t\u00e1ssal.<\/p>\n","protected":false},"excerpt":{"rendered":"<div style=\"padding: 8px; border-radius: 4px; border: 1px solid #e0e0e0;\">\n<p style=\"color: #059669; font-weight: bold; font-size: 1.5em; margin: 0 0 5px 0; padding-bottom: 5px; border-bottom: 2px solid #059669;\">\u00c1r: <strong style=\"color: #059669;\">~ 7400 Ft<\/strong>-t\u00f3l<\/p>\n<\/div>\n","protected":false},"featured_media":40968,"comment_status":"closed","ping_status":"closed","template":"","meta":{"disable_template_blocks":false},"product_cat":[43],"product_tag":[],"yoast_head":"<!-- This site is optimized with the Yoast SEO plugin v24.0 - https:\/\/yoast.com\/wordpress\/plugins\/seo\/ -->\n<title>\ud83c\udf84Kar\u00e1csonyi V\u00e1s\u00e1r Haj\u00f3 - Purpleliner<\/title>\n<meta name=\"robots\" content=\"noindex, nofollow\" \/>\n<meta property=\"og:locale\" content=\"hu_HU\" \/>\n<meta property=\"og:type\" content=\"article\" \/>\n<meta property=\"og:title\" content=\"\ud83c\udf84Kar\u00e1csonyi V\u00e1s\u00e1r Haj\u00f3 - Purpleliner\" \/>\n<meta property=\"og:description\" content=\"\u00c1r: ~ 7400 Ft-t\u00f3l\" \/>\n<meta property=\"og:url\" content=\"https:\/\/purpleliner.hu\/hu\/termek\/karacsonyi-vasar-hajo\/\" \/>\n<meta property=\"og:site_name\" content=\"Purpleliner\" \/>\n<meta property=\"article:publisher\" content=\"https:\/\/www.facebook.com\/purpleliner\" \/>\n<meta property=\"article:modified_time\" content=\"2025-12-23T10:34:12+00:00\" \/>\n<meta property=\"og:image\" content=\"https:\/\/purpleliner.hu\/wp-content\/uploads\/2025\/11\/Christmas-market-cruise-6.jpg\" \/>\n\t<meta property=\"og:image:width\" content=\"1200\" \/>\n\t<meta property=\"og:image:height\" content=\"799\" \/>\n\t<meta property=\"og:image:type\" content=\"image\/jpeg\" \/>\n<meta name=\"twitter:card\" content=\"summary_large_image\" \/>\n<meta name=\"twitter:label1\" content=\"Becs\u00fclt olvas\u00e1si id\u0151\" \/>\n\t<meta name=\"twitter:data1\" content=\"4 perc\" \/>\n<script type=\"application\/ld+json\" class=\"yoast-schema-graph\">{\"@context\":\"https:\/\/schema.org\",\"@graph\":[{\"@type\":\"WebPage\",\"@id\":\"https:\/\/purpleliner.hu\/hu\/termek\/karacsonyi-vasar-hajo\/\",\"url\":\"https:\/\/purpleliner.hu\/hu\/termek\/karacsonyi-vasar-hajo\/\",\"name\":\"\ud83c\udf84Kar\u00e1csonyi V\u00e1s\u00e1r Haj\u00f3 - Purpleliner\",\"isPartOf\":{\"@id\":\"https:\/\/purpleliner.hu\/hu\/#website\"},\"primaryImageOfPage\":{\"@id\":\"https:\/\/purpleliner.hu\/hu\/termek\/karacsonyi-vasar-hajo\/#primaryimage\"},\"image\":{\"@id\":\"https:\/\/purpleliner.hu\/hu\/termek\/karacsonyi-vasar-hajo\/#primaryimage\"},\"thumbnailUrl\":\"https:\/\/purpleliner.hu\/wp-content\/uploads\/2025\/11\/Christmas-market-cruise-6.jpg\",\"datePublished\":\"2025-11-14T11:25:19+00:00\",\"dateModified\":\"2025-12-23T10:34:12+00:00\",\"breadcrumb\":{\"@id\":\"https:\/\/purpleliner.hu\/hu\/termek\/karacsonyi-vasar-hajo\/#breadcrumb\"},\"inLanguage\":\"hu\",\"potentialAction\":[{\"@type\":\"ReadAction\",\"target\":[\"https:\/\/purpleliner.hu\/hu\/termek\/karacsonyi-vasar-hajo\/\"]}]},{\"@type\":\"ImageObject\",\"inLanguage\":\"hu\",\"@id\":\"https:\/\/purpleliner.hu\/hu\/termek\/karacsonyi-vasar-hajo\/#primaryimage\",\"url\":\"https:\/\/purpleliner.hu\/wp-content\/uploads\/2025\/11\/Christmas-market-cruise-6.jpg\",\"contentUrl\":\"https:\/\/purpleliner.hu\/wp-content\/uploads\/2025\/11\/Christmas-market-cruise-6.jpg\",\"width\":1200,\"height\":799},{\"@type\":\"BreadcrumbList\",\"@id\":\"https:\/\/purpleliner.hu\/hu\/termek\/karacsonyi-vasar-hajo\/#breadcrumb\",\"itemListElement\":[{\"@type\":\"ListItem\",\"position\":1,\"name\":\"Home\",\"item\":\"https:\/\/purpleliner.hu\/hu\/\"},{\"@type\":\"ListItem\",\"position\":2,\"name\":\"\ud83c\udf84Kar\u00e1csonyi V\u00e1s\u00e1r Haj\u00f3\"}]},{\"@type\":\"WebSite\",\"@id\":\"https:\/\/purpleliner.hu\/hu\/#website\",\"url\":\"https:\/\/purpleliner.hu\/hu\/\",\"name\":\"Purpleliner Cruises Budapest\",\"description\":\"Your Sightseeing Cruises at Budapest\",\"publisher\":{\"@id\":\"https:\/\/purpleliner.hu\/hu\/#organization\"},\"potentialAction\":[{\"@type\":\"SearchAction\",\"target\":{\"@type\":\"EntryPoint\",\"urlTemplate\":\"https:\/\/purpleliner.hu\/hu\/?s={search_term_string}\"},\"query-input\":{\"@type\":\"PropertyValueSpecification\",\"valueRequired\":true,\"valueName\":\"search_term_string\"}}],\"inLanguage\":\"hu\"},{\"@type\":\"Organization\",\"@id\":\"https:\/\/purpleliner.hu\/hu\/#organization\",\"name\":\"Purpleliner\",\"url\":\"https:\/\/purpleliner.hu\/hu\/\",\"logo\":{\"@type\":\"ImageObject\",\"inLanguage\":\"hu\",\"@id\":\"https:\/\/purpleliner.hu\/hu\/#\/schema\/logo\/image\/\",\"url\":\"https:\/\/purpleliner.hu\/wp-content\/uploads\/2023\/12\/letoltes-svg.png\",\"contentUrl\":\"https:\/\/purpleliner.hu\/wp-content\/uploads\/2023\/12\/letoltes-svg.png\",\"width\":451,\"height\":451,\"caption\":\"Purpleliner\"},\"image\":{\"@id\":\"https:\/\/purpleliner.hu\/hu\/#\/schema\/logo\/image\/\"},\"sameAs\":[\"https:\/\/www.facebook.com\/purpleliner\"]}]}<\/script>\n<!-- \/ Yoast SEO plugin. -->","yoast_head_json":{"title":"\ud83c\udf84Kar\u00e1csonyi V\u00e1s\u00e1r Haj\u00f3 - Purpleliner","robots":{"index":"noindex","follow":"nofollow"},"og_locale":"hu_HU","og_type":"article","og_title":"\ud83c\udf84Kar\u00e1csonyi V\u00e1s\u00e1r Haj\u00f3 - Purpleliner","og_description":"\u00c1r: ~ 7400 Ft-t\u00f3l","og_url":"https:\/\/purpleliner.hu\/hu\/termek\/karacsonyi-vasar-hajo\/","og_site_name":"Purpleliner","article_publisher":"https:\/\/www.facebook.com\/purpleliner","article_modified_time":"2025-12-23T10:34:12+00:00","og_image":[{"width":1200,"height":799,"url":"https:\/\/purpleliner.hu\/wp-content\/uploads\/2025\/11\/Christmas-market-cruise-6.jpg","type":"image\/jpeg"}],"twitter_card":"summary_large_image","twitter_misc":{"Becs\u00fclt olvas\u00e1si id\u0151":"4 perc"},"schema":{"@context":"https:\/\/schema.org","@graph":[{"@type":"WebPage","@id":"https:\/\/purpleliner.hu\/hu\/termek\/karacsonyi-vasar-hajo\/","url":"https:\/\/purpleliner.hu\/hu\/termek\/karacsonyi-vasar-hajo\/","name":"\ud83c\udf84Kar\u00e1csonyi V\u00e1s\u00e1r Haj\u00f3 - Purpleliner","isPartOf":{"@id":"https:\/\/purpleliner.hu\/hu\/#website"},"primaryImageOfPage":{"@id":"https:\/\/purpleliner.hu\/hu\/termek\/karacsonyi-vasar-hajo\/#primaryimage"},"image":{"@id":"https:\/\/purpleliner.hu\/hu\/termek\/karacsonyi-vasar-hajo\/#primaryimage"},"thumbnailUrl":"https:\/\/purpleliner.hu\/wp-content\/uploads\/2025\/11\/Christmas-market-cruise-6.jpg","datePublished":"2025-11-14T11:25:19+00:00","dateModified":"2025-12-23T10:34:12+00:00","breadcrumb":{"@id":"https:\/\/purpleliner.hu\/hu\/termek\/karacsonyi-vasar-hajo\/#breadcrumb"},"inLanguage":"hu","potentialAction":[{"@type":"ReadAction","target":["https:\/\/purpleliner.hu\/hu\/termek\/karacsonyi-vasar-hajo\/"]}]},{"@type":"ImageObject","inLanguage":"hu","@id":"https:\/\/purpleliner.hu\/hu\/termek\/karacsonyi-vasar-hajo\/#primaryimage","url":"https:\/\/purpleliner.hu\/wp-content\/uploads\/2025\/11\/Christmas-market-cruise-6.jpg","contentUrl":"https:\/\/purpleliner.hu\/wp-content\/uploads\/2025\/11\/Christmas-market-cruise-6.jpg","width":1200,"height":799},{"@type":"BreadcrumbList","@id":"https:\/\/purpleliner.hu\/hu\/termek\/karacsonyi-vasar-hajo\/#breadcrumb","itemListElement":[{"@type":"ListItem","position":1,"name":"Home","item":"https:\/\/purpleliner.hu\/hu\/"},{"@type":"ListItem","position":2,"name":"\ud83c\udf84Kar\u00e1csonyi V\u00e1s\u00e1r Haj\u00f3"}]},{"@type":"WebSite","@id":"https:\/\/purpleliner.hu\/hu\/#website","url":"https:\/\/purpleliner.hu\/hu\/","name":"Purpleliner Cruises Budapest","description":"Your Sightseeing Cruises at Budapest","publisher":{"@id":"https:\/\/purpleliner.hu\/hu\/#organization"},"potentialAction":[{"@type":"SearchAction","target":{"@type":"EntryPoint","urlTemplate":"https:\/\/purpleliner.hu\/hu\/?s={search_term_string}"},"query-input":{"@type":"PropertyValueSpecification","valueRequired":true,"valueName":"search_term_string"}}],"inLanguage":"hu"},{"@type":"Organization","@id":"https:\/\/purpleliner.hu\/hu\/#organization","name":"Purpleliner","url":"https:\/\/purpleliner.hu\/hu\/","logo":{"@type":"ImageObject","inLanguage":"hu","@id":"https:\/\/purpleliner.hu\/hu\/#\/schema\/logo\/image\/","url":"https:\/\/purpleliner.hu\/wp-content\/uploads\/2023\/12\/letoltes-svg.png","contentUrl":"https:\/\/purpleliner.hu\/wp-content\/uploads\/2023\/12\/letoltes-svg.png","width":451,"height":451,"caption":"Purpleliner"},"image":{"@id":"https:\/\/purpleliner.hu\/hu\/#\/schema\/logo\/image\/"},"sameAs":["https:\/\/www.facebook.com\/purpleliner"]}]}},"_links":{"self":[{"href":"https:\/\/purpleliner.hu\/hu\/wp-json\/wp\/v2\/product\/40986"}],"collection":[{"href":"https:\/\/purpleliner.hu\/hu\/wp-json\/wp\/v2\/product"}],"about":[{"href":"https:\/\/purpleliner.hu\/hu\/wp-json\/wp\/v2\/types\/product"}],"replies":[{"embeddable":true,"href":"https:\/\/purpleliner.hu\/hu\/wp-json\/wp\/v2\/comments?post=40986"}],"wp:featuredmedia":[{"embeddable":true,"href":"https:\/\/purpleliner.hu\/hu\/wp-json\/wp\/v2\/media\/40968"}],"wp:attachment":[{"href":"https:\/\/purpleliner.hu\/hu\/wp-json\/wp\/v2\/media?parent=40986"}],"wp:term":[{"taxonomy":"product_cat","embeddable":true,"href":"https:\/\/purpleliner.hu\/hu\/wp-json\/wp\/v2\/product_cat?post=40986"},{"taxonomy":"product_tag","embeddable":true,"href":"https:\/\/purpleliner.hu\/hu\/wp-json\/wp\/v2\/product_tag?post=40986"}],"curies":[{"name":"wp","href":"https:\/\/api.w.org\/{rel}","templated":true}]}}