{"id":8376,"date":"2024-07-12T12:30:56","date_gmt":"2024-07-12T10:30:56","guid":{"rendered":"https:\/\/purpleliner.hu\/?post_type=product&#038;p=8376"},"modified":"2025-07-22T18:03:19","modified_gmt":"2025-07-22T16:03:19","slug":"tuzijatek-varosnezo-hajokirandulas-egy-italal","status":"publish","type":"product","link":"https:\/\/purpleliner.hu\/hu\/termek\/tuzijatek-varosnezo-hajokirandulas-egy-italal\/","title":{"rendered":"Augusztus 20 t\u00fczij\u00e1t\u00e9k haj\u00f3r\u00f3l v\u00e1laszthat\u00f3 itallal"},"content":{"rendered":"<div class=\"product-image-container\"><img decoding=\"async\" loading=\"lazy\" class=\"product-image aligncenter wp-image-8387 size-full\" src=\"https:\/\/purpleliner.hu\/wp-content\/uploads\/2024\/07\/fireworks_budapest.jpg\" alt=\"augusztus 20 t\u00fczij\u00e1t\u00e9k haj\u00f3r\u00f3l\" width=\"1200\" height=\"674\" srcset=\"https:\/\/purpleliner.hu\/wp-content\/uploads\/2024\/07\/fireworks_budapest.jpg 1200w, https:\/\/purpleliner.hu\/wp-content\/uploads\/2024\/07\/fireworks_budapest-300x169.jpg 300w, https:\/\/purpleliner.hu\/wp-content\/uploads\/2024\/07\/fireworks_budapest-1024x575.jpg 1024w, https:\/\/purpleliner.hu\/wp-content\/uploads\/2024\/07\/fireworks_budapest-600x337.jpg 600w\" sizes=\"(max-width: 1200px) 100vw, 1200px\" \/><\/div>\n<h3 data-start=\"485\" data-end=\"551\">Augusztus 20-ai t\u0171zij\u00e1t\u00e9k \u00e9l\u0151ben \u2013 a legjobb helyr\u0151l: a Dun\u00e1r\u00f3l<\/h3>\n<p data-start=\"553\" data-end=\"638\"><strong data-start=\"553\" data-end=\"638\">Tegye felejthetetlenn\u00e9 az \u00e1llamalap\u00edt\u00e1s \u00fcnnep\u00e9t egy k\u00fcl\u00f6nleges haj\u00f3kir\u00e1ndul\u00e1ssal!<\/strong><\/p>\n<p data-start=\"640\" data-end=\"875\">Augusztus 20-\u00e1n exkluz\u00edv programmal v\u00e1rjuk vend\u00e9geinket: esti s\u00e9tahaj\u00f3nk fed\u00e9lzet\u00e9r\u0151l nemcsak Budapest f\u00e9nyeiben gy\u00f6ny\u00f6rk\u00f6dhet, de a nemzeti t\u0171zij\u00e1t\u00e9k legszebb pillanatait is p\u00e1ratlan n\u00e9z\u0151pontb\u00f3l \u00e9lvezheti \u2013 k\u00f6zvetlen\u00fcl a Duna v\u00edz\u00e9r\u0151l.<\/p>\n<p data-start=\"877\" data-end=\"1120\">A program <strong data-start=\"887\" data-end=\"906\">18:30-kor indul<\/strong>, \u00e9s egy kb. <strong data-start=\"919\" data-end=\"954\">1,5 \u00f3r\u00e1s v\u00e1rosn\u00e9z\u00e9ssel kezd\u0151dik<\/strong>, ahol elhaladunk a f\u0151v\u00e1ros legismertebb nevezetess\u00e9gei mellett: a Parlament, a Budai V\u00e1r, a Citadella \u00e9s a L\u00e1nch\u00edd mind leny\u0171g\u00f6z\u0151 l\u00e1tv\u00e1nyt ny\u00fajtanak a naplement\u00e9ben.<\/p>\n<p data-start=\"1122\" data-end=\"1244\">Ezt k\u00f6vet\u0151en haj\u00f3nk a t\u0171zij\u00e1t\u00e9khoz ide\u00e1lis poz\u00edci\u00f3ban horgonyoz le, hogy \u00d6n zavartalanul \u00e9lvezhesse az \u00fcnnepi f\u00e9nyj\u00e1t\u00e9kot.<\/p>\n<p data-start=\"1246\" data-end=\"1352\">\ud83c\udf89 <strong data-start=\"1249\" data-end=\"1295\">A jegy\u00e1r egy v\u00e1lasztott italt is tartalmaz<\/strong>, melyet az al\u00e1bbi k\u00edn\u00e1latb\u00f3l v\u00e1laszthat ki a fed\u00e9lzeten.<\/p>\n<div class=\"program-info-box\">\n<h2 id=\"toc-1\">Jegy tartalma:<\/h2>\n<p><strong>~ 1.5-\u00f3r\u00e1s haj\u00f3z\u00e1s a Dun\u00e1n<\/strong><br \/>\n<strong>~ 1 v\u00e1laszthat\u00f3 ital \/ f\u0151:<\/strong><\/p>\n<div class=\"drink-options\">\n<ul>\n<li><strong>S\u00f6r<\/strong><\/li>\n<li><strong>Bor<\/strong><\/li>\n<li><strong>Pezsg\u0151<\/strong><\/li>\n<li><strong>\u00dcdit\u0151k<\/strong><\/li>\n<li><strong>Kokt\u00e9lok<\/strong><\/li>\n<\/ul>\n<\/div>\n<\/div>\n<p>Visszat\u00e9rve az 11-es dokkhoz k\u00f6r\u00fclbel\u00fcl 20:00-kor, vend\u00e9geinknek egy r\u00f6vid \u00f3r\u00e1juk lesz, hogy finom falatokat \u00e9s friss\u00edt\u0151 italokat fogyasszanak. Ez a t\u00f6k\u00e9letes id\u0151pont a besz\u00e9lget\u00e9sre, pihen\u00e9sre \u00e9s az est f\u00e9nypontj\u00e1ra val\u00f3 felk\u00e9sz\u00fcl\u00e9sre: a t\u0171zij\u00e1t\u00e9kra.<\/p>\n<p>S\u00f6t\u00e9ted\u00e9skor k\u00e9sz\u00fclj\u00f6n fel a leny\u0171g\u00f6z\u0151 t\u0171zij\u00e1t\u00e9kra, amely Szent Istv\u00e1n napj\u00e1t \u00fcnnepli. A fed\u00e9lzet\u00fcnk\u00f6n l\u00e9v\u0151 kiemelt helyr\u0151l tan\u00faja lehet egy k\u00e1pr\u00e1zatos l\u00e1tv\u00e1nyoss\u00e1gnak, amely Magyarorsz\u00e1g \u201esz\u00fclet\u00e9snapj\u00e1t\u201d \u00fcnnepli pomp\u00e1val \u00e9s \u00f6r\u00f6mmel.<\/p>\n<p>Ne hagyja ki ezt a felejthetetlen \u00e9lm\u00e9nyt! \u00dcnnepelj\u00fck egy\u00fctt Magyarorsz\u00e1g alap\u00edt\u00e1s\u00e1t!<\/p>\n<div class=\"attention\">\n<h3>Fontos inform\u00e1ci\u00f3!<\/h3>\n<p>A t\u0171zij\u00e1t\u00e9k ideje alatt foly\u00f3z\u00e1rlat lesz \u00e9rv\u00e9nyben, ez\u00e9rt a haj\u00f3kat a kijel\u00f6lt m\u00f3l\u00f3kon kell kik\u00f6tni. A t\u0171zij\u00e1t\u00e9k el\u0151tti dokkol\u00e1s 20:00 \u00f3rakor lesz.<\/p>\n<\/div>\n<div class=\"info-box\">\n<h2 id=\"toc-2\">Augusztus 20 t\u00fczij\u00e1t\u00e9k haj\u00f3r\u00f3l 2025 &#8211; \u00datiterv:<\/h2>\n<ul>\n<li><strong><span class=\"time\">18:00<\/span> &#8211; Besz\u00e1ll\u00e1s (Dokk 1\/B, 1011 Budapest Batthy\u00e1ny t\u00e9r)<\/strong><\/li>\n<li><strong><span class=\"time\">18:30<\/span> &#8211; Indul\u00e1s<\/strong><\/li>\n<li><strong><span class=\"time\">~1.5-\u00f3r\u00e1s haj\u00f3z\u00e1s a Dun\u00e1n<\/span><\/strong><\/li>\n<li><strong><span class=\"time\">20:00<\/span> &#8211; \u00c9rkez\u00e9s ( (Dokk 1\/B, 1011 Budapest Batthy\u00e1ny t\u00e9r)<\/strong><\/li>\n<li><strong><span class=\"time\">21:00<\/span> &#8211; T\u0171zij\u00e1t\u00e9k<\/strong><\/li>\n<li><strong><span class=\"time\">22:00<\/span> &#8211; T\u0171zij\u00e1t\u00e9k \u00e9s a t\u00fara v\u00e9ge<\/strong><\/li>\n<\/ul>\n<\/div>\n<div class=\"image-gallery\">\n<div class=\"image-container\"><img decoding=\"async\" loading=\"lazy\" class=\"alignnone\" src=\"https:\/\/purpleliner.hu\/wp-content\/uploads\/2024\/07\/a20drinkone.jpg\" alt=\"t\u00fczij\u00e1t\u00e9k haj\u00f3r\u00f3l Budapest\" width=\"1024\" height=\"1318\" \/><\/div>\n<div class=\"image-container\"><img decoding=\"async\" loading=\"lazy\" class=\"alignnone\" src=\"https:\/\/purpleliner.hu\/wp-content\/uploads\/2024\/07\/a20drinktwo.jpg\" alt=\"augusztus 20 t\u00fczij\u00e1t\u00e9k haj\u00f3r\u00f3l\" width=\"1024\" height=\"1355\" \/><\/div>\n<\/div>\n","protected":false},"excerpt":{"rendered":"<p>\u00c9lje \u00e1t a v\u00e1rosi f\u00e9nyek \u00e9s a t\u0171zij\u00e1t\u00e9k var\u00e1zs\u00e1t a v\u00edzr\u0151l a T\u0171zij\u00e1t\u00e9k V\u00e1rosn\u00e9z\u0151 Haj\u00f3kir\u00e1ndul\u00e1sunkon, melyhez egy ital is j\u00e1r. \u00c9lvezze az eml\u00e9kezetes est\u00e9t leny\u0171g\u00f6z\u0151 kil\u00e1t\u00e1ssal \u00e9s egy friss\u00edt\u0151 itallal a kez\u00e9ben.<\/p>\n","protected":false},"featured_media":8385,"comment_status":"closed","ping_status":"closed","template":"","meta":{"disable_template_blocks":false},"product_cat":[],"product_tag":[],"yoast_head":"<!-- This site is optimized with the Yoast SEO plugin v24.0 - https:\/\/yoast.com\/wordpress\/plugins\/seo\/ -->\n<title>Augusztus 20 t\u00fczij\u00e1t\u00e9k haj\u00f3r\u00f3l 2025<\/title>\n<meta name=\"robots\" content=\"noindex, nofollow\" \/>\n<meta property=\"og:locale\" content=\"hu_HU\" \/>\n<meta property=\"og:type\" content=\"article\" \/>\n<meta property=\"og:title\" content=\"Augusztus 20 t\u00fczij\u00e1t\u00e9k haj\u00f3r\u00f3l 2025\" \/>\n<meta property=\"og:description\" content=\"\u00c9lje \u00e1t a v\u00e1rosi f\u00e9nyek \u00e9s a t\u0171zij\u00e1t\u00e9k var\u00e1zs\u00e1t a v\u00edzr\u0151l a T\u0171zij\u00e1t\u00e9k V\u00e1rosn\u00e9z\u0151 Haj\u00f3kir\u00e1ndul\u00e1sunkon, melyhez egy ital is j\u00e1r. \u00c9lvezze az eml\u00e9kezetes est\u00e9t leny\u0171g\u00f6z\u0151 kil\u00e1t\u00e1ssal \u00e9s egy friss\u00edt\u0151 itallal a kez\u00e9ben.\" \/>\n<meta property=\"og:url\" content=\"https:\/\/purpleliner.hu\/hu\/termek\/tuzijatek-varosnezo-hajokirandulas-egy-italal\/\" \/>\n<meta property=\"og:site_name\" content=\"Purpleliner\" \/>\n<meta property=\"article:publisher\" content=\"https:\/\/www.facebook.com\/purpleliner\" \/>\n<meta property=\"article:modified_time\" content=\"2025-07-22T16:03:19+00:00\" \/>\n<meta property=\"og:image\" content=\"https:\/\/purpleliner.hu\/wp-content\/uploads\/2024\/07\/21.jpg\" \/>\n\t<meta property=\"og:image:width\" content=\"669\" \/>\n\t<meta property=\"og:image:height\" content=\"446\" \/>\n\t<meta property=\"og:image:type\" content=\"image\/jpeg\" \/>\n<meta name=\"twitter:card\" content=\"summary_large_image\" \/>\n<meta name=\"twitter:label1\" content=\"Becs\u00fclt olvas\u00e1si id\u0151\" \/>\n\t<meta name=\"twitter:data1\" content=\"2 perc\" \/>\n<script type=\"application\/ld+json\" class=\"yoast-schema-graph\">{\"@context\":\"https:\/\/schema.org\",\"@graph\":[{\"@type\":\"WebPage\",\"@id\":\"https:\/\/purpleliner.hu\/hu\/termek\/tuzijatek-varosnezo-hajokirandulas-egy-italal\/\",\"url\":\"https:\/\/purpleliner.hu\/hu\/termek\/tuzijatek-varosnezo-hajokirandulas-egy-italal\/\",\"name\":\"Augusztus 20 t\u00fczij\u00e1t\u00e9k haj\u00f3r\u00f3l 2025\",\"isPartOf\":{\"@id\":\"https:\/\/purpleliner.hu\/hu\/#website\"},\"primaryImageOfPage\":{\"@id\":\"https:\/\/purpleliner.hu\/hu\/termek\/tuzijatek-varosnezo-hajokirandulas-egy-italal\/#primaryimage\"},\"image\":{\"@id\":\"https:\/\/purpleliner.hu\/hu\/termek\/tuzijatek-varosnezo-hajokirandulas-egy-italal\/#primaryimage\"},\"thumbnailUrl\":\"https:\/\/purpleliner.hu\/wp-content\/uploads\/2024\/07\/21.jpg\",\"datePublished\":\"2024-07-12T10:30:56+00:00\",\"dateModified\":\"2025-07-22T16:03:19+00:00\",\"breadcrumb\":{\"@id\":\"https:\/\/purpleliner.hu\/hu\/termek\/tuzijatek-varosnezo-hajokirandulas-egy-italal\/#breadcrumb\"},\"inLanguage\":\"hu\",\"potentialAction\":[{\"@type\":\"ReadAction\",\"target\":[\"https:\/\/purpleliner.hu\/hu\/termek\/tuzijatek-varosnezo-hajokirandulas-egy-italal\/\"]}]},{\"@type\":\"ImageObject\",\"inLanguage\":\"hu\",\"@id\":\"https:\/\/purpleliner.hu\/hu\/termek\/tuzijatek-varosnezo-hajokirandulas-egy-italal\/#primaryimage\",\"url\":\"https:\/\/purpleliner.hu\/wp-content\/uploads\/2024\/07\/21.jpg\",\"contentUrl\":\"https:\/\/purpleliner.hu\/wp-content\/uploads\/2024\/07\/21.jpg\",\"width\":669,\"height\":446},{\"@type\":\"BreadcrumbList\",\"@id\":\"https:\/\/purpleliner.hu\/hu\/termek\/tuzijatek-varosnezo-hajokirandulas-egy-italal\/#breadcrumb\",\"itemListElement\":[{\"@type\":\"ListItem\",\"position\":1,\"name\":\"Home\",\"item\":\"https:\/\/purpleliner.hu\/hu\/\"},{\"@type\":\"ListItem\",\"position\":2,\"name\":\"Augusztus 20 t\u00fczij\u00e1t\u00e9k haj\u00f3r\u00f3l v\u00e1laszthat\u00f3 itallal\"}]},{\"@type\":\"WebSite\",\"@id\":\"https:\/\/purpleliner.hu\/hu\/#website\",\"url\":\"https:\/\/purpleliner.hu\/hu\/\",\"name\":\"Purpleliner Cruises Budapest\",\"description\":\"Your Sightseeing Cruises at Budapest\",\"publisher\":{\"@id\":\"https:\/\/purpleliner.hu\/hu\/#organization\"},\"potentialAction\":[{\"@type\":\"SearchAction\",\"target\":{\"@type\":\"EntryPoint\",\"urlTemplate\":\"https:\/\/purpleliner.hu\/hu\/?s={search_term_string}\"},\"query-input\":{\"@type\":\"PropertyValueSpecification\",\"valueRequired\":true,\"valueName\":\"search_term_string\"}}],\"inLanguage\":\"hu\"},{\"@type\":\"Organization\",\"@id\":\"https:\/\/purpleliner.hu\/hu\/#organization\",\"name\":\"Purpleliner\",\"url\":\"https:\/\/purpleliner.hu\/hu\/\",\"logo\":{\"@type\":\"ImageObject\",\"inLanguage\":\"hu\",\"@id\":\"https:\/\/purpleliner.hu\/hu\/#\/schema\/logo\/image\/\",\"url\":\"https:\/\/purpleliner.hu\/wp-content\/uploads\/2023\/12\/letoltes-svg.png\",\"contentUrl\":\"https:\/\/purpleliner.hu\/wp-content\/uploads\/2023\/12\/letoltes-svg.png\",\"width\":451,\"height\":451,\"caption\":\"Purpleliner\"},\"image\":{\"@id\":\"https:\/\/purpleliner.hu\/hu\/#\/schema\/logo\/image\/\"},\"sameAs\":[\"https:\/\/www.facebook.com\/purpleliner\"]}]}<\/script>\n<!-- \/ Yoast SEO plugin. -->","yoast_head_json":{"title":"Augusztus 20 t\u00fczij\u00e1t\u00e9k haj\u00f3r\u00f3l 2025","robots":{"index":"noindex","follow":"nofollow"},"og_locale":"hu_HU","og_type":"article","og_title":"Augusztus 20 t\u00fczij\u00e1t\u00e9k haj\u00f3r\u00f3l 2025","og_description":"\u00c9lje \u00e1t a v\u00e1rosi f\u00e9nyek \u00e9s a t\u0171zij\u00e1t\u00e9k var\u00e1zs\u00e1t a v\u00edzr\u0151l a T\u0171zij\u00e1t\u00e9k V\u00e1rosn\u00e9z\u0151 Haj\u00f3kir\u00e1ndul\u00e1sunkon, melyhez egy ital is j\u00e1r. \u00c9lvezze az eml\u00e9kezetes est\u00e9t leny\u0171g\u00f6z\u0151 kil\u00e1t\u00e1ssal \u00e9s egy friss\u00edt\u0151 itallal a kez\u00e9ben.","og_url":"https:\/\/purpleliner.hu\/hu\/termek\/tuzijatek-varosnezo-hajokirandulas-egy-italal\/","og_site_name":"Purpleliner","article_publisher":"https:\/\/www.facebook.com\/purpleliner","article_modified_time":"2025-07-22T16:03:19+00:00","og_image":[{"width":669,"height":446,"url":"https:\/\/purpleliner.hu\/wp-content\/uploads\/2024\/07\/21.jpg","type":"image\/jpeg"}],"twitter_card":"summary_large_image","twitter_misc":{"Becs\u00fclt olvas\u00e1si id\u0151":"2 perc"},"schema":{"@context":"https:\/\/schema.org","@graph":[{"@type":"WebPage","@id":"https:\/\/purpleliner.hu\/hu\/termek\/tuzijatek-varosnezo-hajokirandulas-egy-italal\/","url":"https:\/\/purpleliner.hu\/hu\/termek\/tuzijatek-varosnezo-hajokirandulas-egy-italal\/","name":"Augusztus 20 t\u00fczij\u00e1t\u00e9k haj\u00f3r\u00f3l 2025","isPartOf":{"@id":"https:\/\/purpleliner.hu\/hu\/#website"},"primaryImageOfPage":{"@id":"https:\/\/purpleliner.hu\/hu\/termek\/tuzijatek-varosnezo-hajokirandulas-egy-italal\/#primaryimage"},"image":{"@id":"https:\/\/purpleliner.hu\/hu\/termek\/tuzijatek-varosnezo-hajokirandulas-egy-italal\/#primaryimage"},"thumbnailUrl":"https:\/\/purpleliner.hu\/wp-content\/uploads\/2024\/07\/21.jpg","datePublished":"2024-07-12T10:30:56+00:00","dateModified":"2025-07-22T16:03:19+00:00","breadcrumb":{"@id":"https:\/\/purpleliner.hu\/hu\/termek\/tuzijatek-varosnezo-hajokirandulas-egy-italal\/#breadcrumb"},"inLanguage":"hu","potentialAction":[{"@type":"ReadAction","target":["https:\/\/purpleliner.hu\/hu\/termek\/tuzijatek-varosnezo-hajokirandulas-egy-italal\/"]}]},{"@type":"ImageObject","inLanguage":"hu","@id":"https:\/\/purpleliner.hu\/hu\/termek\/tuzijatek-varosnezo-hajokirandulas-egy-italal\/#primaryimage","url":"https:\/\/purpleliner.hu\/wp-content\/uploads\/2024\/07\/21.jpg","contentUrl":"https:\/\/purpleliner.hu\/wp-content\/uploads\/2024\/07\/21.jpg","width":669,"height":446},{"@type":"BreadcrumbList","@id":"https:\/\/purpleliner.hu\/hu\/termek\/tuzijatek-varosnezo-hajokirandulas-egy-italal\/#breadcrumb","itemListElement":[{"@type":"ListItem","position":1,"name":"Home","item":"https:\/\/purpleliner.hu\/hu\/"},{"@type":"ListItem","position":2,"name":"Augusztus 20 t\u00fczij\u00e1t\u00e9k haj\u00f3r\u00f3l v\u00e1laszthat\u00f3 itallal"}]},{"@type":"WebSite","@id":"https:\/\/purpleliner.hu\/hu\/#website","url":"https:\/\/purpleliner.hu\/hu\/","name":"Purpleliner Cruises Budapest","description":"Your Sightseeing Cruises at Budapest","publisher":{"@id":"https:\/\/purpleliner.hu\/hu\/#organization"},"potentialAction":[{"@type":"SearchAction","target":{"@type":"EntryPoint","urlTemplate":"https:\/\/purpleliner.hu\/hu\/?s={search_term_string}"},"query-input":{"@type":"PropertyValueSpecification","valueRequired":true,"valueName":"search_term_string"}}],"inLanguage":"hu"},{"@type":"Organization","@id":"https:\/\/purpleliner.hu\/hu\/#organization","name":"Purpleliner","url":"https:\/\/purpleliner.hu\/hu\/","logo":{"@type":"ImageObject","inLanguage":"hu","@id":"https:\/\/purpleliner.hu\/hu\/#\/schema\/logo\/image\/","url":"https:\/\/purpleliner.hu\/wp-content\/uploads\/2023\/12\/letoltes-svg.png","contentUrl":"https:\/\/purpleliner.hu\/wp-content\/uploads\/2023\/12\/letoltes-svg.png","width":451,"height":451,"caption":"Purpleliner"},"image":{"@id":"https:\/\/purpleliner.hu\/hu\/#\/schema\/logo\/image\/"},"sameAs":["https:\/\/www.facebook.com\/purpleliner"]}]}},"_links":{"self":[{"href":"https:\/\/purpleliner.hu\/hu\/wp-json\/wp\/v2\/product\/8376"}],"collection":[{"href":"https:\/\/purpleliner.hu\/hu\/wp-json\/wp\/v2\/product"}],"about":[{"href":"https:\/\/purpleliner.hu\/hu\/wp-json\/wp\/v2\/types\/product"}],"replies":[{"embeddable":true,"href":"https:\/\/purpleliner.hu\/hu\/wp-json\/wp\/v2\/comments?post=8376"}],"wp:featuredmedia":[{"embeddable":true,"href":"https:\/\/purpleliner.hu\/hu\/wp-json\/wp\/v2\/media\/8385"}],"wp:attachment":[{"href":"https:\/\/purpleliner.hu\/hu\/wp-json\/wp\/v2\/media?parent=8376"}],"wp:term":[{"taxonomy":"product_cat","embeddable":true,"href":"https:\/\/purpleliner.hu\/hu\/wp-json\/wp\/v2\/product_cat?post=8376"},{"taxonomy":"product_tag","embeddable":true,"href":"https:\/\/purpleliner.hu\/hu\/wp-json\/wp\/v2\/product_tag?post=8376"}],"curies":[{"name":"wp","href":"https:\/\/api.w.org\/{rel}","templated":true}]}}